{"id":2748,"date":"2023-09-19T15:27:31","date_gmt":"2023-09-19T12:27:31","guid":{"rendered":"https:\/\/lavandamania.eu\/product\/skidras-marselas-ziepes-lavander-500ml\/"},"modified":"2024-02-17T16:49:45","modified_gmt":"2024-02-17T14:49:45","slug":"skidrais-marselu-ziepju-lavander-500-ml","status":"publish","type":"product","link":"https:\/\/lavandamania.eu\/lv\/product\/skidrais-marselu-ziepju-lavander-500-ml\/","title":{"rendered":"\u0160\u0137idr\u0101s Marse\u013cas ziepes LAVANDER 500ml"},"content":{"rendered":"<p>Lavandas Marse\u013cas \u0161\u0137idr\u0101s ziepes ir izgatavotas no 100 % augu e\u013c\u013c\u0101m un bag\u0101tin\u0101tas ar dab\u012bgo glicer\u012bnu, kas ir akt\u012bva sast\u0101vda\u013ca ar mitrino\u0161\u0101m \u012bpa\u0161\u012bb\u0101m. Tas maigi mazg\u0101 \u0101du, padarot to vesel\u012bgu, elast\u012bgu un smar\u017e\u012bgu ar Provansas ziedu un ziedu arom\u0101tu. M\u016bsu \u0161\u0137idraj\u0101s ziep\u0113s nav konservantu, virsmakt\u012bvo vielu un parab\u0113nu.<\/p>\n<p>Sast\u0101vda\u013cas:<\/p>\n<ul>\n<li>Aqua (\u016adens)<\/li>\n<li>K\u0101lija koko\u0101ts<\/li>\n<li>Glicer\u012bns<\/li>\n<li>K\u0101lija oliv\u0101ts<\/li>\n<li>Hidroksietilceluloze<\/li>\n<li>Parfim\u0113rija (smar\u017eas)<\/li>\n<li>Tetran\u0101trija glutam\u0101ta diacet\u0101ts<\/li>\n<li>PEG-40 hidrogen\u0113ta r\u012bcine\u013c\u013ca<\/li>\n<li>Cocos nucifera (kokosriekstu) e\u013c\u013ca<\/li>\n<li>Linalols<\/li>\n<li>Tetran\u0101trija EDTA<\/li>\n<li>Limon\u0113ns<\/li>\n<li>Tokoferols<\/li>\n<li>Kumar\u012bns<\/li>\n<li>Olea europaea (ol\u012bvu) aug\u013cu e\u013c\u013ca<\/li>\n<li>Din\u0101trija fosf\u0101ts<\/li>\n<li>Polisorb\u0101ts 60<\/li>\n<li>N\u0101trija fosf\u0101ts<\/li>\n<li>CI 17200 (sarkanais 33)<\/li>\n<li>CI 42051 (p\u0101rtikas zilais 5)<\/li>\n<\/ul>\n","protected":false},"excerpt":{"rendered":"<p>Lavandas Marse\u013cas \u0161\u0137idr\u0101s ziepes ir izgatavotas no 100 % augu e\u013c\u013c\u0101m un bag\u0101tin\u0101tas ar dab\u012bgo glicer\u012bnu, kas ir akt\u012bva sast\u0101vda\u013ca ar mitrino\u0161\u0101m \u012bpa\u0161\u012bb\u0101m. Tas maigi mazg\u0101 \u0101du, padarot to vesel\u012bgu, elast\u012bgu un smar\u017e\u012bgu ar Provansas ziedu un ziedu arom\u0101tu. M\u016bsu \u0161\u0137idraj\u0101s ziep\u0113s nav konservantu, virsmakt\u012bvo vielu un parab\u0113nu. Sast\u0101vda\u013cas: Aqua (\u016adens) K\u0101lija koko\u0101ts Glicer\u012bns K\u0101lija [&hellip;]<\/p>\n","protected":false},"featured_media":2750,"template":"","meta":[],"product_brand":[],"product_cat":[116],"product_tag":[121],"class_list":{"0":"post-2748","1":"product","2":"type-product","3":"status-publish","4":"has-post-thumbnail","6":"product_cat-ihonhoito-lv","7":"product_tag-corvette-lv","9":"first","10":"instock","11":"taxable","12":"shipping-taxable","13":"purchasable","14":"product-type-simple"},"aioseo_notices":[],"jetpack_sharing_enabled":true,"_links":{"self":[{"href":"https:\/\/lavandamania.eu\/lv\/wp-json\/wp\/v2\/product\/2748","targetHints":{"allow":["GET"]}}],"collection":[{"href":"https:\/\/lavandamania.eu\/lv\/wp-json\/wp\/v2\/product"}],"about":[{"href":"https:\/\/lavandamania.eu\/lv\/wp-json\/wp\/v2\/types\/product"}],"wp:featuredmedia":[{"embeddable":true,"href":"https:\/\/lavandamania.eu\/lv\/wp-json\/wp\/v2\/media\/2750"}],"wp:attachment":[{"href":"https:\/\/lavandamania.eu\/lv\/wp-json\/wp\/v2\/media?parent=2748"}],"wp:term":[{"taxonomy":"product_brand","embeddable":true,"href":"https:\/\/lavandamania.eu\/lv\/wp-json\/wp\/v2\/product_brand?post=2748"},{"taxonomy":"product_cat","embeddable":true,"href":"https:\/\/lavandamania.eu\/lv\/wp-json\/wp\/v2\/product_cat?post=2748"},{"taxonomy":"product_tag","embeddable":true,"href":"https:\/\/lavandamania.eu\/lv\/wp-json\/wp\/v2\/product_tag?post=2748"}],"curies":[{"name":"wp","href":"https:\/\/api.w.org\/{rel}","templated":true}]}}