{"id":2589,"date":"2023-10-14T18:17:05","date_gmt":"2023-10-14T15:17:05","guid":{"rendered":"https:\/\/lavandamania.eu\/product\/100-dabigas-kokvilnas-tote-soma\/"},"modified":"2023-10-14T18:17:05","modified_gmt":"2023-10-14T15:17:05","slug":"100-dabiskas-kokvilnas-maisins","status":"publish","type":"product","link":"https:\/\/lavandamania.eu\/lv\/product\/100-dabiskas-kokvilnas-maisins\/","title":{"rendered":"100% dab\u012bgas kokvilnas tote soma"},"content":{"rendered":"<p>Praktisks un ekolo\u0123isks maisi\u0146\u0161 no 100% dab\u012bgas kokvilnas La Corvette ir sabiedrotais, kas pal\u012bdz samazin\u0101t vienreizlietojamo pap\u012bra vai plastmasas maisi\u0146u pat\u0113ri\u0146u. T\u0101 j\u016bs pavad\u012bs visur! \u0160is maisi\u0146\u0161 inform\u0113 par Marse\u013cas ziepju priek\u0161roc\u012bb\u0101m un uzsver La Corvette ap\u0146em\u0161anos iev\u0113rot ekolo\u0123isko atbild\u012bbu: &#8220;Marse\u013cas ziepes ir labv\u0113l\u012bgas j\u016bsu \u0101dai un ar\u012b plan\u0113tai! Tas ir iztur\u012bgs, mazg\u0101jams un atk\u0101rtoti lietojams, uz pleca var n\u0113s\u0101t l\u012bdz pat 8 kg.<\/p>\n<ul>\n<li>Izm\u0113rs: 38 cm plats, 42 cm augsts<\/li>\n<li>Rokturi: 70 cm<\/li>\n<li>Kokvilna: 140g<\/li>\n<li>Sietspiede, videi draudz\u012bga tinte, rektifik\u0101cija\/verso, tum\u0161i zils<\/li>\n<li>Var mazg\u0101t ma\u0161\u012bn\u0101 vai ar rok\u0101m, \u017e\u0101v\u0113t gais\u0101<\/li>\n<\/ul>\n","protected":false},"excerpt":{"rendered":"<p>M\u016bsu 100% dab\u012bg\u0101s kokvilnas maisi\u0146\u0161 La Corvette ir praktiska un ekolo\u0123iska alternat\u012bva pap\u012bra vai plastmasas maisi\u0146iem. Mazg\u0101jams un atk\u0101rtoti lietojams, \u0161is kokvilnas maisi\u0146\u0161 ir ide\u0101li piem\u0113rots, lai \u0146emtu l\u012bdzi uzkodas uz darbu vai b\u0113rnu na\u0161\u0137us, p\u0101rn\u0113s\u0101tu sporta invent\u0101ru vai iepirktos lielos apm\u0113ros! Uz pleca var n\u0113s\u0101t l\u012bdz 8 kg.<\/p>\n","protected":false},"featured_media":2590,"template":"","meta":[],"product_brand":[],"product_cat":[124],"product_tag":[121],"class_list":{"0":"post-2589","1":"product","2":"type-product","3":"status-publish","4":"has-post-thumbnail","6":"product_cat-tarvikkeet-lv","7":"product_tag-corvette-lv","9":"first","10":"instock","11":"taxable","12":"shipping-taxable","13":"purchasable","14":"product-type-simple"},"aioseo_notices":[],"jetpack_sharing_enabled":true,"_links":{"self":[{"href":"https:\/\/lavandamania.eu\/lv\/wp-json\/wp\/v2\/product\/2589","targetHints":{"allow":["GET"]}}],"collection":[{"href":"https:\/\/lavandamania.eu\/lv\/wp-json\/wp\/v2\/product"}],"about":[{"href":"https:\/\/lavandamania.eu\/lv\/wp-json\/wp\/v2\/types\/product"}],"wp:featuredmedia":[{"embeddable":true,"href":"https:\/\/lavandamania.eu\/lv\/wp-json\/wp\/v2\/media\/2590"}],"wp:attachment":[{"href":"https:\/\/lavandamania.eu\/lv\/wp-json\/wp\/v2\/media?parent=2589"}],"wp:term":[{"taxonomy":"product_brand","embeddable":true,"href":"https:\/\/lavandamania.eu\/lv\/wp-json\/wp\/v2\/product_brand?post=2589"},{"taxonomy":"product_cat","embeddable":true,"href":"https:\/\/lavandamania.eu\/lv\/wp-json\/wp\/v2\/product_cat?post=2589"},{"taxonomy":"product_tag","embeddable":true,"href":"https:\/\/lavandamania.eu\/lv\/wp-json\/wp\/v2\/product_tag?post=2589"}],"curies":[{"name":"wp","href":"https:\/\/api.w.org\/{rel}","templated":true}]}}