{"id":2574,"date":"2023-11-24T07:40:00","date_gmt":"2023-11-24T05:40:00","guid":{"rendered":"https:\/\/lavandamania.eu\/product\/bio-provence-skidras-ziepes-sauge-lavender-500ml\/"},"modified":"2024-02-17T16:49:16","modified_gmt":"2024-02-17T14:49:16","slug":"bio-provence-skidras-ziepes-500-ml-sauge-lavender-cosmos-organic","status":"publish","type":"product","link":"https:\/\/lavandamania.eu\/lv\/product\/bio-provence-skidras-ziepes-500-ml-sauge-lavender-cosmos-organic\/","title":{"rendered":"BIO Provence \u0161\u0137idr\u0101s ziepes SAUGE &amp; LAVENDER 500ml"},"content":{"rendered":"<p>PROVENCE kolekcija ir velt\u012bjums unik\u0101lajai Marse\u013cas trad\u012bciju zin\u0101t\u012bbai, pied\u0101v\u0101jot ori\u0123in\u0101lu kolekciju, kas ietur\u0113ta \u0161\u012bs teritorijas kr\u0101s\u0101s un ar smar\u017e\u0101m, kas atsauc atmi\u0146\u0101 Provansas arom\u0101tus. \u0160eit ir Provence Sage &amp; Lavender \u0161\u0137idr\u0101s ziepes.<\/p>\n<p>\u0160\u0137idr\u0101s ziepes ar gardu salvijas un lavandas arom\u0101tu ir gatavotas katl\u0101 no augu e\u013c\u013c\u0101m un 99 % dab\u012bg\u0101m sast\u0101vda\u013c\u0101m.<br \/>\nIzgatavots no ol\u012bve\u013c\u013cas un kopras, kas ieg\u016bta biolo\u0123iskaj\u0101 lauksaimniec\u012bb\u0101, tas ir biolo\u0123iski sertific\u0113ts un garant\u0113ti bez palmu e\u013c\u013cas un kr\u0101sviel\u0101m. Tas ir bag\u0101tin\u0101ts ar organisko salvijas destil\u0101tu, organisku akt\u012bvo sast\u0101vda\u013cu, kas paz\u012bstama ar sav\u0101m atjaunojo\u0161aj\u0101m un nomierino\u0161aj\u0101m \u012bpa\u0161\u012bb\u0101m.<\/p>\n<p>\u0160\u012bs \u0161\u0137idr\u0101s ziepes ir sertific\u0113tas k\u0101 COSMOS ORGANIC, ko sertific\u0113jusi Ecocert Greenlife saska\u0146\u0101 ar COSMOS standartu.<br \/>\n99% sast\u0101vda\u013cu ir dabiskas izcelsmes.<br \/>\n11% no vis\u0101m sast\u0101vda\u013c\u0101m ir no biolo\u0123isk\u0101s lauksaimniec\u012bbas.<\/p>\n<p>Sast\u0101vda\u013cas :<\/p>\n<ul>\n<li>Aqua (\u016bdens)<\/li>\n<li>k\u0101lija koko\u0101ts**<\/li>\n<li>tetran\u0101trija glutam\u0101ta diacet\u0101ts<\/li>\n<li>celulozes sve\u0137i<\/li>\n<li>glicer\u012bns**<\/li>\n<li>k\u0101lija oliv\u0101ts**<\/li>\n<li>Salvia officinalis (salvijas (salvijas) lapu \u016bdens*<\/li>\n<li>kokosriekstu e\u013c\u013ca*.<\/li>\n<li>parfum (smar\u017ea)<\/li>\n<li>poligliceril-3 kapril\u0101ts<\/li>\n<li>citronelols<\/li>\n<li>limon\u0113ns<\/li>\n<li>geraniols<\/li>\n<li>olea europaea (ol\u012bvu) aug\u013cu e\u013c\u013ca*<\/li>\n<li>linalols<\/li>\n<li>citronsk\u0101be<\/li>\n<li>n\u0101trija benzo\u0101ts<\/li>\n<li>k\u0101lija sorb\u0101ts<\/li>\n<\/ul>\n<p>* Sast\u0101vda\u013ca no biolo\u0123isk\u0101s lauksaimniec\u012bbas.<br \/>\n** P\u0101rstr\u0101d\u0101ts no biolo\u0123isk\u0101m sast\u0101vda\u013c\u0101m.<\/p>\n","protected":false},"excerpt":{"rendered":"<p>PROVENCE kolekcija ir velt\u012bjums unik\u0101lajai Marse\u013cas trad\u012bciju zin\u0101t\u012bbai, pied\u0101v\u0101jot ori\u0123in\u0101lu kolekciju, kas ietur\u0113ta \u0161\u012bs teritorijas kr\u0101s\u0101s un ar smar\u017e\u0101m, kas atsauc atmi\u0146\u0101 Provansas arom\u0101tus. \u0160eit ir Provence Sage &amp; Lavender \u0161\u0137idr\u0101s ziepes. \u0160\u0137idr\u0101s ziepes ar gardu salvijas un lavandas arom\u0101tu ir gatavotas katl\u0101 no augu e\u013c\u013c\u0101m un 99 % dab\u012bg\u0101m sast\u0101vda\u013c\u0101m. Izgatavots no ol\u012bve\u013c\u013cas un [&hellip;]<\/p>\n","protected":false},"featured_media":2575,"template":"","meta":[],"product_brand":[],"product_cat":[116],"product_tag":[121],"class_list":{"0":"post-2574","1":"product","2":"type-product","3":"status-publish","4":"has-post-thumbnail","6":"product_cat-ihonhoito-lv","7":"product_tag-corvette-lv","9":"first","10":"instock","11":"taxable","12":"shipping-taxable","13":"purchasable","14":"product-type-simple"},"aioseo_notices":[],"jetpack_sharing_enabled":true,"_links":{"self":[{"href":"https:\/\/lavandamania.eu\/lv\/wp-json\/wp\/v2\/product\/2574","targetHints":{"allow":["GET"]}}],"collection":[{"href":"https:\/\/lavandamania.eu\/lv\/wp-json\/wp\/v2\/product"}],"about":[{"href":"https:\/\/lavandamania.eu\/lv\/wp-json\/wp\/v2\/types\/product"}],"wp:featuredmedia":[{"embeddable":true,"href":"https:\/\/lavandamania.eu\/lv\/wp-json\/wp\/v2\/media\/2575"}],"wp:attachment":[{"href":"https:\/\/lavandamania.eu\/lv\/wp-json\/wp\/v2\/media?parent=2574"}],"wp:term":[{"taxonomy":"product_brand","embeddable":true,"href":"https:\/\/lavandamania.eu\/lv\/wp-json\/wp\/v2\/product_brand?post=2574"},{"taxonomy":"product_cat","embeddable":true,"href":"https:\/\/lavandamania.eu\/lv\/wp-json\/wp\/v2\/product_cat?post=2574"},{"taxonomy":"product_tag","embeddable":true,"href":"https:\/\/lavandamania.eu\/lv\/wp-json\/wp\/v2\/product_tag?post=2574"}],"curies":[{"name":"wp","href":"https:\/\/api.w.org\/{rel}","templated":true}]}}