{"id":2621,"date":"2023-10-14T17:27:42","date_gmt":"2023-10-14T14:27:42","guid":{"rendered":"https:\/\/lavandamania.eu\/product\/provanso-muilo-kubeliai-3x100g\/"},"modified":"2023-10-14T17:27:42","modified_gmt":"2023-10-14T14:27:42","slug":"muilas-provence-kubeliukai-3-prekes-100g","status":"publish","type":"product","link":"https:\/\/lavandamania.eu\/lt\/produktas\/muilas-provence-kubeliukai-3-prekes-100g\/","title":{"rendered":"Provanso muilo kubeliai 3x100g"},"content":{"rendered":"<p>&#8222;Les Cubes de Provence&#8221; rinkin\u012f sudaro 3 mini kubeliai su 100 % augaliniais aliejais, Provanso kvapais, praturtinti eteriniais aliejais, tikrais veikli\u0173j\u0173 med\u017eiag\u0173 koncentratais.<\/p>\n<ul>\n<li>Alyvuogi\u0173 kubelis, praturtintas levand\u0173 ir rozmarin\u0173 eteriniais aliejais.<\/li>\n<li>Nat\u016bralus baziliko kubelis, praturtintas citrin\u0173 eteriniu aliejumi.<\/li>\n<li>Ka\u0161ton\u0173 medaus kubelis, praturtintas sald\u017ei\u0173j\u0173 migdol\u0173 aliejumi.<\/li>\n<\/ul>\n<p>&nbsp;<\/p>\n<p>Jums patiks \u0161ie Provanso kubeliai gra\u017eioje kartonin\u0117je d\u0117\u017eut\u0117je!<\/p>\n<p><strong>Sudedamosios dalys<\/strong><\/p>\n<p>Alyvuog\u0117s: Natrio olivatas, natrio kokoatas, Aqua (vanduo), natrio chloridas, Lavandula Angustifolia (levand\u0173) aliejus, Rosmarinus Officinalis lap\u0173 aliejus, natrio hidroksidas, limonenas, linaloolis.<\/p>\n<p>Medus: Natrio palmatas, natrio palmi\u0173 branduoli\u0173 r\u016bg\u0161tis, Aqua (vanduo), Parfum (kvapiosios med\u017eiagos), Prunus Amygdalus Dulcis (sald\u017ei\u0173j\u0173 migdol\u0173) aliejus, palmi\u0173 branduoli\u0173 r\u016bg\u0161tis, glicerinas, natrio chloridas, CI 77492 (gele\u017eies oksidai), tetranatrio EDTA, tetranatrio etidronatas, linalolis.<\/p>\n<p>Bazilikas: Natrio palmatas, natrio palmi\u0173 branduoli\u0173 r\u016bg\u0161tis, Aqua (vanduo), Citrus Medica Limonum (citrin\u0173) aliejus, palmi\u0173 branduoli\u0173 r\u016bg\u0161tis, Parfum (kvapioji med\u017eiaga), Citrus Medica Limonum (citrin\u0173) \u017eievel\u0117s ekstraktas, glicerinas, natrio chloridas, tetranatrio EDTA, tetranatrio etidronatas, eugenolis, linalolis<\/p>\n","protected":false},"excerpt":{"rendered":"<p>&#8222;Les Cubes de Provence&#8221; rinkin\u012f sudaro 3 mini kubeliai su 100 % augaliniais aliejais, Provanso kvapais, praturtinti eteriniais aliejais, tikrais veikli\u0173j\u0173 med\u017eiag\u0173 koncentratais. Alyvuogi\u0173 kubelis, praturtintas levand\u0173 ir rozmarin\u0173 eteriniais aliejais. Nat\u016bralus baziliko kubelis, praturtintas citrin\u0173 eteriniu aliejumi. Ka\u0161ton\u0173 medaus kubelis, praturtintas sald\u017ei\u0173j\u0173 migdol\u0173 aliejumi. &nbsp; Jums patiks \u0161ie Provanso kubeliai gra\u017eioje kartonin\u0117je d\u0117\u017eut\u0117je! Sudedamosios [&hellip;]<\/p>\n","protected":false},"featured_media":2622,"template":"","meta":[],"product_brand":[],"product_cat":[114],"product_tag":[119],"class_list":{"0":"post-2621","1":"product","2":"type-product","3":"status-publish","4":"has-post-thumbnail","6":"product_cat-ihonhoito-lt","7":"product_tag-corvette-lt","9":"first","10":"instock","11":"taxable","12":"shipping-taxable","13":"purchasable","14":"product-type-simple"},"aioseo_notices":[],"jetpack_sharing_enabled":true,"_links":{"self":[{"href":"https:\/\/lavandamania.eu\/lt\/wp-json\/wp\/v2\/product\/2621","targetHints":{"allow":["GET"]}}],"collection":[{"href":"https:\/\/lavandamania.eu\/lt\/wp-json\/wp\/v2\/product"}],"about":[{"href":"https:\/\/lavandamania.eu\/lt\/wp-json\/wp\/v2\/types\/product"}],"wp:featuredmedia":[{"embeddable":true,"href":"https:\/\/lavandamania.eu\/lt\/wp-json\/wp\/v2\/media\/2622"}],"wp:attachment":[{"href":"https:\/\/lavandamania.eu\/lt\/wp-json\/wp\/v2\/media?parent=2621"}],"wp:term":[{"taxonomy":"product_brand","embeddable":true,"href":"https:\/\/lavandamania.eu\/lt\/wp-json\/wp\/v2\/product_brand?post=2621"},{"taxonomy":"product_cat","embeddable":true,"href":"https:\/\/lavandamania.eu\/lt\/wp-json\/wp\/v2\/product_cat?post=2621"},{"taxonomy":"product_tag","embeddable":true,"href":"https:\/\/lavandamania.eu\/lt\/wp-json\/wp\/v2\/product_tag?post=2621"}],"curies":[{"name":"wp","href":"https:\/\/api.w.org\/{rel}","templated":true}]}}