{"id":2556,"date":"2023-11-24T07:40:00","date_gmt":"2023-11-24T05:40:00","guid":{"rendered":"https:\/\/lavandamania.eu\/product\/bio-provanso-skystas-muilas-sauge-lavender-500ml\/"},"modified":"2024-02-17T16:49:09","modified_gmt":"2024-02-17T14:49:09","slug":"bio-provence-skystasis-muilas-500-ml-sauge-lavender-cosmos-organic","status":"publish","type":"product","link":"https:\/\/lavandamania.eu\/lt\/produktas\/bio-provence-skystasis-muilas-500-ml-sauge-lavender-cosmos-organic\/","title":{"rendered":"BIO Provanso skystas muilas SAUGE &amp; LAVENDER 500ml"},"content":{"rendered":"<p>PROVENCE kolekcija atiduoda duokl\u0119 unikalioms Marselio tradicijoms, pateikdama originali\u0105 \u0161ios teritorijos spalv\u0173 ir Provanso kvap\u0173 kolekcij\u0105. \u010cia skystas Provanso \u0161alavij\u0173 ir levand\u0173 muilas.<\/p>\n<p>\u0160is skystas muilas su gard\u017eiu \u0161alavij\u0173 ir levand\u0173 aromatu gaminamas katiluose i\u0161 augalini\u0173 aliej\u0173 ir 99 % nat\u016brali\u0173 ingredient\u0173.<br \/>\nPagamintas i\u0161 alyvuogi\u0173 aliejaus ir kopros, gaunam\u0173 i\u0161 ekologin\u0117s \u017eemdirbyst\u0117s, jis sertifikuotas kaip ekologi\u0161kas, be palmi\u0173 aliejaus ir be da\u017eikli\u0173. Jis praturtintas ekologi\u0161ku \u0161alavij\u0173 distiliatu &#8211; ekologi\u0161ka veikli\u0105ja med\u017eiaga, gars\u0117jan\u010dia atkuriamosiomis ir raminamosiomis savyb\u0117mis.<\/p>\n<p>\u0160iam skystam muilui pagal COSMOS standart\u0105 &#8222;Ecocert Greenlife&#8221; suteiktas COSMOS ORGANIC sertifikatas.<br \/>\n99 % sudedam\u0173j\u0173 dali\u0173 yra nat\u016bralios kilm\u0117s.<br \/>\n11 proc. vis\u0173 sudedam\u0173j\u0173 dali\u0173 yra i\u0161 ekologin\u0117s \u017eemdirbyst\u0117s.<\/p>\n<p>Sudedamosios dalys :<\/p>\n<ul>\n<li>Aqua (vanduo)<\/li>\n<li>kalio kokoatas**<\/li>\n<li>tetranatrio glutamato diacetatas<\/li>\n<li>celiulioz\u0117s derva<\/li>\n<li>glicerinas**<\/li>\n<li>kalio olivatas**<\/li>\n<li>vaistinio \u0161alavijo (salvia officinalis) lap\u0173 vanduo*<\/li>\n<li>cocos nucifera (kokos\u0173) aliejus*<\/li>\n<li>parfum (kvepalai)<\/li>\n<li>poligliceril-3 kaprilatas<\/li>\n<li>citronelolis<\/li>\n<li>limonenas<\/li>\n<li>geraniolis<\/li>\n<li>olea europaea (alyvuogi\u0173) vaisi\u0173 aliejus*<\/li>\n<li>linalolis<\/li>\n<li>citrinos r\u016bg\u0161tis<\/li>\n<li>natrio benzoatas<\/li>\n<li>kalio sorbatas<\/li>\n<\/ul>\n<p>* Sudedamoji dalis i\u0161 ekologin\u0117s \u017eemdirbyst\u0117s.<br \/>\n** Pagaminta i\u0161 ekologi\u0161k\u0173 ingredient\u0173.<\/p>\n","protected":false},"excerpt":{"rendered":"<p>PROVENCE kolekcija atiduoda duokl\u0119 unikalioms Marselio tradicijoms, pateikdama originali\u0105 \u0161ios teritorijos spalv\u0173 ir Provanso kvap\u0173 kolekcij\u0105. \u010cia skystas Provanso \u0161alavij\u0173 ir levand\u0173 muilas. \u0160is skystas muilas su gard\u017eiu \u0161alavij\u0173 ir levand\u0173 aromatu gaminamas katiluose i\u0161 augalini\u0173 aliej\u0173 ir 99 % nat\u016brali\u0173 ingredient\u0173. Pagamintas i\u0161 alyvuogi\u0173 aliejaus ir kopros, gaunam\u0173 i\u0161 ekologin\u0117s \u017eemdirbyst\u0117s, jis sertifikuotas kaip [&hellip;]<\/p>\n","protected":false},"featured_media":2557,"template":"","meta":[],"product_brand":[],"product_cat":[114],"product_tag":[119],"class_list":{"0":"post-2556","1":"product","2":"type-product","3":"status-publish","4":"has-post-thumbnail","6":"product_cat-ihonhoito-lt","7":"product_tag-corvette-lt","9":"first","10":"instock","11":"taxable","12":"shipping-taxable","13":"purchasable","14":"product-type-simple"},"aioseo_notices":[],"_links":{"self":[{"href":"https:\/\/lavandamania.eu\/lt\/wp-json\/wp\/v2\/product\/2556","targetHints":{"allow":["GET"]}}],"collection":[{"href":"https:\/\/lavandamania.eu\/lt\/wp-json\/wp\/v2\/product"}],"about":[{"href":"https:\/\/lavandamania.eu\/lt\/wp-json\/wp\/v2\/types\/product"}],"wp:featuredmedia":[{"embeddable":true,"href":"https:\/\/lavandamania.eu\/lt\/wp-json\/wp\/v2\/media\/2557"}],"wp:attachment":[{"href":"https:\/\/lavandamania.eu\/lt\/wp-json\/wp\/v2\/media?parent=2556"}],"wp:term":[{"taxonomy":"product_brand","embeddable":true,"href":"https:\/\/lavandamania.eu\/lt\/wp-json\/wp\/v2\/product_brand?post=2556"},{"taxonomy":"product_cat","embeddable":true,"href":"https:\/\/lavandamania.eu\/lt\/wp-json\/wp\/v2\/product_cat?post=2556"},{"taxonomy":"product_tag","embeddable":true,"href":"https:\/\/lavandamania.eu\/lt\/wp-json\/wp\/v2\/product_tag?post=2556"}],"curies":[{"name":"wp","href":"https:\/\/api.w.org\/{rel}","templated":true}]}}