{"id":2551,"date":"2023-09-19T15:27:31","date_gmt":"2023-09-19T12:27:31","guid":{"rendered":"https:\/\/lavandamania.eu\/product\/skystas-marselio-muilas-lavander-500ml\/"},"modified":"2024-02-17T16:49:45","modified_gmt":"2024-02-17T14:49:45","slug":"skystas-marseille-muilas-lavander-500-ml","status":"publish","type":"product","link":"https:\/\/lavandamania.eu\/lt\/produktas\/skystas-marseille-muilas-lavander-500-ml\/","title":{"rendered":"Skystas Marselio muilas LAVANDER 500ml"},"content":{"rendered":"<p>&#8222;Lavender Marseille&#8221; skystas muilas pagamintas i\u0161 100 % augalini\u0173 aliej\u0173 ir praturtintas nat\u016braliu glicerinu &#8211; aktyviuoju ingredientu, pasi\u017eymin\u010diu dr\u0117kinamosiomis savyb\u0117mis. Jis \u0161velniai plauna od\u0105, palieka j\u0105 sveik\u0105, elasting\u0105 ir kvepian\u010di\u0105 g\u0117li\u0173 ir Provanso aromatu. M\u016bs\u0173 skystame muile n\u0117ra konservant\u0173, pavir\u0161inio aktyvumo med\u017eiag\u0173 ir paraben\u0173.<\/p>\n<p>Sudedamosios dalys:<\/p>\n<ul>\n<li>Aqua (vanduo)<\/li>\n<li>Kalio kokoatas<\/li>\n<li>Glicerinas<\/li>\n<li>Kalio olivatas<\/li>\n<li>Hidroksietilceliulioz\u0117<\/li>\n<li>Parfum (kvepalai)<\/li>\n<li>Tetranatrio glutamato diacetatas<\/li>\n<li>PEG-40 hidrintas ricin\u0173 aliejus<\/li>\n<li>Cocos nucifera (kokos\u0173) aliejus<\/li>\n<li>Linalolis<\/li>\n<li>Tetranatrio EDTA<\/li>\n<li>Limonenas<\/li>\n<li>Tokoferolis<\/li>\n<li>Kumarinas<\/li>\n<li>Olea europaea (alyvuogi\u0173) vaisi\u0173 aliejus<\/li>\n<li>Dinatrio fosfatas<\/li>\n<li>Polisorbatas 60<\/li>\n<li>Natrio fosfatas<\/li>\n<li>CI 17200 (raudona 33)<\/li>\n<li>CI 42051 (maistinis m\u0117lynasis 5)<\/li>\n<\/ul>\n","protected":false},"excerpt":{"rendered":"<p>&#8222;Lavender Marseille&#8221; skystas muilas pagamintas i\u0161 100 % augalini\u0173 aliej\u0173 ir praturtintas nat\u016braliu glicerinu &#8211; aktyviuoju ingredientu, pasi\u017eymin\u010diu dr\u0117kinamosiomis savyb\u0117mis. Jis \u0161velniai plauna od\u0105, palieka j\u0105 sveik\u0105, elasting\u0105 ir kvepian\u010di\u0105 g\u0117li\u0173 ir Provanso aromatu. M\u016bs\u0173 skystame muile n\u0117ra konservant\u0173, pavir\u0161inio aktyvumo med\u017eiag\u0173 ir paraben\u0173. Sudedamosios dalys: Aqua (vanduo) Kalio kokoatas Glicerinas Kalio olivatas Hidroksietilceliulioz\u0117 Parfum [&hellip;]<\/p>\n","protected":false},"featured_media":2552,"template":"","meta":[],"product_brand":[],"product_cat":[114],"product_tag":[119],"class_list":{"0":"post-2551","1":"product","2":"type-product","3":"status-publish","4":"has-post-thumbnail","6":"product_cat-ihonhoito-lt","7":"product_tag-corvette-lt","9":"first","10":"instock","11":"taxable","12":"shipping-taxable","13":"purchasable","14":"product-type-simple"},"aioseo_notices":[],"jetpack_sharing_enabled":true,"_links":{"self":[{"href":"https:\/\/lavandamania.eu\/lt\/wp-json\/wp\/v2\/product\/2551","targetHints":{"allow":["GET"]}}],"collection":[{"href":"https:\/\/lavandamania.eu\/lt\/wp-json\/wp\/v2\/product"}],"about":[{"href":"https:\/\/lavandamania.eu\/lt\/wp-json\/wp\/v2\/types\/product"}],"wp:featuredmedia":[{"embeddable":true,"href":"https:\/\/lavandamania.eu\/lt\/wp-json\/wp\/v2\/media\/2552"}],"wp:attachment":[{"href":"https:\/\/lavandamania.eu\/lt\/wp-json\/wp\/v2\/media?parent=2551"}],"wp:term":[{"taxonomy":"product_brand","embeddable":true,"href":"https:\/\/lavandamania.eu\/lt\/wp-json\/wp\/v2\/product_brand?post=2551"},{"taxonomy":"product_cat","embeddable":true,"href":"https:\/\/lavandamania.eu\/lt\/wp-json\/wp\/v2\/product_cat?post=2551"},{"taxonomy":"product_tag","embeddable":true,"href":"https:\/\/lavandamania.eu\/lt\/wp-json\/wp\/v2\/product_tag?post=2551"}],"curies":[{"name":"wp","href":"https:\/\/api.w.org\/{rel}","templated":true}]}}