{"id":2451,"date":"2023-12-23T15:46:31","date_gmt":"2023-12-23T13:46:31","guid":{"rendered":"https:\/\/lavandamania.eu\/product\/ekologiskas-grenados-muilas-100g\/"},"modified":"2024-02-17T16:48:56","modified_gmt":"2024-02-17T14:48:56","slug":"ekologiskas-grenados-muilas-100g","status":"publish","type":"product","link":"https:\/\/lavandamania.eu\/lt\/produktas\/ekologiskas-grenados-muilas-100g\/","title":{"rendered":"Ekologi\u0161kas Grenados muilas 100g"},"content":{"rendered":"<p class=\"p1\"><strong>\u0160velnus odai<\/strong><\/p>\n<p class=\"p1\">M\u016bs\u0173 &#8222;Douceur Bio Grenade&#8221; muilas buvo specialiai sukurtas d\u0117l savo \u0161velnumo ir prierai\u0161umo odai. Tinka vis\u0173 tip\u0173 odai kasdien valyti. \u0160is \u0161velnus muilas praturtintas ekologi\u0161ku taukmed\u017eio sviestu, kuris pasi\u017eymi maitinamosiomis ir mink\u0161tinamosiomis savyb\u0117mis. Leiskit\u0117s apgaubiami gurmani\u0161ko \u0161velnumo kokono su \u0161iuo nat\u016bralaus granat\u0173 kvapo muilu.<\/p>\n<p class=\"p1\"><strong>Ekologi\u0161ka ir augalin\u0117 sud\u0117tis, patvirtinta COSMOS ORGANIC<\/strong><\/p>\n<p class=\"p1\">M\u016bs\u0173 tikslas &#8211; pasi\u016blyti nat\u016bral\u0173, \u0161veln\u0173 ir aplinkai nekenksming\u0105 muil\u0105. Tod\u0117l m\u016bs\u0173 &#8222;Douceur Bio&#8221; muil\u0105 sudaro daugiau kaip 99 % nat\u016brali\u0173 ingredient\u0173, i\u0161 kuri\u0173 75 % u\u017eauginti ekologi\u0161kai. &#8222;Ecocert Greenlife&#8221; pagal COSMOS standart\u0105 jam suteiktas COSMOS ORGANIC sertifikatas ir garantuojama, kad jame n\u0117ra da\u017eikli\u0173, paraben\u0173 ir EDTA.<\/p>\n<p class=\"p1\"><strong>Sudedamosios dalys<\/strong><\/p>\n<ul>\n<li>Natrio palmatas**<\/li>\n<li>Natrio palmi\u0173 branduoli\u0173 kernelatas**<\/li>\n<li>Aqua (vanduo)<\/li>\n<li>Glicerinas**<\/li>\n<li>Parfum*** (kvepalai)<\/li>\n<li>Tetranatrio glutamato diacetatas<\/li>\n<li>Butyrospermum Parkii (taukmed\u017eio) sviestas*<\/li>\n<li>Natrio chloridas<\/li>\n<li>Natrio hidroksidas<\/li>\n<li>Citrinos r\u016bg\u0161tis<\/li>\n<li>Citronelolis<\/li>\n<li>Limonenas<\/li>\n<li>Citralis<\/li>\n<\/ul>\n<p>* Ekologin\u0117s gamybos sudedamoji dalis<br \/>\n** Pagaminta i\u0161 ekologi\u0161k\u0173 ingredient\u0173.<br \/>\n*** Nat\u016bralios kilm\u0117s kvapas<\/p>\n<p>RSPO (Roundtable on Sustainable Oil) sertifikuotas aliejus, gautas i\u0161 tvariai valdom\u0173 plantacij\u0173, kuriose tausojama aplinka ir vietos kult\u016bros.<\/p>\n","protected":false},"excerpt":{"rendered":"<p>\u0160velnus odai M\u016bs\u0173 &#8222;Douceur Bio Grenade&#8221; muilas buvo specialiai sukurtas d\u0117l savo \u0161velnumo ir prierai\u0161umo odai. Tinka vis\u0173 tip\u0173 odai kasdien valyti. \u0160is \u0161velnus muilas praturtintas ekologi\u0161ku taukmed\u017eio sviestu, kuris pasi\u017eymi maitinamosiomis ir mink\u0161tinamosiomis savyb\u0117mis. Leiskit\u0117s apgaubiami gurmani\u0161ko \u0161velnumo kokono su \u0161iuo nat\u016bralaus granat\u0173 kvapo muilu. Ekologi\u0161ka ir augalin\u0117 sud\u0117tis, patvirtinta COSMOS ORGANIC M\u016bs\u0173 tikslas [&hellip;]<\/p>\n","protected":false},"featured_media":2463,"template":"","meta":[],"product_brand":[],"product_cat":[114],"product_tag":[],"class_list":{"0":"post-2451","1":"product","2":"type-product","3":"status-publish","4":"has-post-thumbnail","6":"product_cat-ihonhoito-lt","8":"first","9":"instock","10":"taxable","11":"shipping-taxable","12":"purchasable","13":"product-type-simple"},"aioseo_notices":[],"jetpack_sharing_enabled":true,"_links":{"self":[{"href":"https:\/\/lavandamania.eu\/lt\/wp-json\/wp\/v2\/product\/2451","targetHints":{"allow":["GET"]}}],"collection":[{"href":"https:\/\/lavandamania.eu\/lt\/wp-json\/wp\/v2\/product"}],"about":[{"href":"https:\/\/lavandamania.eu\/lt\/wp-json\/wp\/v2\/types\/product"}],"wp:featuredmedia":[{"embeddable":true,"href":"https:\/\/lavandamania.eu\/lt\/wp-json\/wp\/v2\/media\/2463"}],"wp:attachment":[{"href":"https:\/\/lavandamania.eu\/lt\/wp-json\/wp\/v2\/media?parent=2451"}],"wp:term":[{"taxonomy":"product_brand","embeddable":true,"href":"https:\/\/lavandamania.eu\/lt\/wp-json\/wp\/v2\/product_brand?post=2451"},{"taxonomy":"product_cat","embeddable":true,"href":"https:\/\/lavandamania.eu\/lt\/wp-json\/wp\/v2\/product_cat?post=2451"},{"taxonomy":"product_tag","embeddable":true,"href":"https:\/\/lavandamania.eu\/lt\/wp-json\/wp\/v2\/product_tag?post=2451"}],"curies":[{"name":"wp","href":"https:\/\/api.w.org\/{rel}","templated":true}]}}