{"id":2413,"date":"2023-12-23T19:54:26","date_gmt":"2023-12-23T17:54:26","guid":{"rendered":"https:\/\/lavandamania.eu\/product\/ekologiskas-figmedzio-lapu-muilas-100g\/"},"modified":"2024-02-17T16:48:46","modified_gmt":"2024-02-17T14:48:46","slug":"ekologiskas-dilgeliu-lapu-muilas-100g","status":"publish","type":"product","link":"https:\/\/lavandamania.eu\/lt\/produktas\/ekologiskas-dilgeliu-lapu-muilas-100g\/","title":{"rendered":"Ekologi\u0161kas figmed\u017eio lap\u0173 muilas 100g"},"content":{"rendered":"<p class=\"p1\"><strong>\u0160velnus odai<\/strong><\/p>\n<p class=\"p1\">M\u016bs\u0173 &#8222;Douceur Bio Fig Leaf&#8221; muilas buvo specialiai sukurtas d\u0117l savo \u0161velnumo ir prierai\u0161umo odai. Tinka vis\u0173 tip\u0173 odai kasdien valyti. Leiskit\u0117s apgaubiami \u0161io muilo su nat\u016braliu fig\u0173 kvapu!<\/p>\n<p class=\"p1\"><strong>Ekologi\u0161ka ir augalin\u0117 sud\u0117tis, patvirtinta COSMOS ORGANIC<\/strong><\/p>\n<p class=\"p1\">M\u016bs\u0173 tikslas &#8211; pasi\u016blyti nat\u016bral\u0173, \u0161veln\u0173 ir aplinkai nekenksming\u0105 muil\u0105. Tod\u0117l m\u016bs\u0173 &#8222;Douceur Bio&#8221; muil\u0105 sudaro daugiau kaip 99 % nat\u016brali\u0173 ingredient\u0173, i\u0161 kuri\u0173 75 % u\u017eauginti ekologi\u0161kai. &#8222;Ecocert Greenlife&#8221; pagal COSMOS standart\u0105 jam suteiktas COSMOS ORGANIC sertifikatas ir garantuojama, kad jame n\u0117ra da\u017eikli\u0173, paraben\u0173 ir EDTA.<\/p>\n<p class=\"p1\"><strong>Sudedamosios dalys<\/strong><\/p>\n<ul>\n<li>Natrio palmatas*<\/li>\n<li>Natrio palmi\u0173 branduoli\u0173 kernelatas*<\/li>\n<li>Aqua (vanduo)<\/li>\n<li>Glicerinas*<\/li>\n<li>Parfum** (kvepalai)<\/li>\n<li>Tetranatrio glutamato diacetatas<\/li>\n<li>Natrio chloridas<\/li>\n<li>Natrio hidroksidas<\/li>\n<li>Citrinos r\u016bg\u0161tis<\/li>\n<li>Linalolis<\/li>\n<li>Limonenas<\/li>\n<li>Eugenolis<\/li>\n<\/ul>\n<p>&nbsp;<\/p>\n<p>* Perdirbta i\u0161 ekologi\u0161k\u0173 ingredient\u0173.<br \/>\n**Nat\u016bralios kilm\u0117s kvepalai<\/p>\n<p>RSPO (Roundtable on Sustainable Oil) sertifikuotas aliejus, gautas i\u0161 tvariai valdom\u0173 plantacij\u0173, kuriose tausojama aplinka ir vietos kult\u016bros.<\/p>\n","protected":false},"excerpt":{"rendered":"<p>\u0160velnus odai M\u016bs\u0173 &#8222;Douceur Bio Fig Leaf&#8221; muilas buvo specialiai sukurtas d\u0117l savo \u0161velnumo ir prierai\u0161umo odai. Tinka vis\u0173 tip\u0173 odai kasdien valyti. Leiskit\u0117s apgaubiami \u0161io muilo su nat\u016braliu fig\u0173 kvapu! Ekologi\u0161ka ir augalin\u0117 sud\u0117tis, patvirtinta COSMOS ORGANIC M\u016bs\u0173 tikslas &#8211; pasi\u016blyti nat\u016bral\u0173, \u0161veln\u0173 ir aplinkai nekenksming\u0105 muil\u0105. Tod\u0117l m\u016bs\u0173 &#8222;Douceur Bio&#8221; muil\u0105 sudaro daugiau [&hellip;]<\/p>\n","protected":false},"featured_media":2418,"template":"","meta":[],"product_brand":[],"product_cat":[114],"product_tag":[],"class_list":{"0":"post-2413","1":"product","2":"type-product","3":"status-publish","4":"has-post-thumbnail","6":"product_cat-ihonhoito-lt","8":"first","9":"instock","10":"taxable","11":"shipping-taxable","12":"purchasable","13":"product-type-simple"},"aioseo_notices":[],"jetpack_sharing_enabled":true,"_links":{"self":[{"href":"https:\/\/lavandamania.eu\/lt\/wp-json\/wp\/v2\/product\/2413","targetHints":{"allow":["GET"]}}],"collection":[{"href":"https:\/\/lavandamania.eu\/lt\/wp-json\/wp\/v2\/product"}],"about":[{"href":"https:\/\/lavandamania.eu\/lt\/wp-json\/wp\/v2\/types\/product"}],"wp:featuredmedia":[{"embeddable":true,"href":"https:\/\/lavandamania.eu\/lt\/wp-json\/wp\/v2\/media\/2418"}],"wp:attachment":[{"href":"https:\/\/lavandamania.eu\/lt\/wp-json\/wp\/v2\/media?parent=2413"}],"wp:term":[{"taxonomy":"product_brand","embeddable":true,"href":"https:\/\/lavandamania.eu\/lt\/wp-json\/wp\/v2\/product_brand?post=2413"},{"taxonomy":"product_cat","embeddable":true,"href":"https:\/\/lavandamania.eu\/lt\/wp-json\/wp\/v2\/product_cat?post=2413"},{"taxonomy":"product_tag","embeddable":true,"href":"https:\/\/lavandamania.eu\/lt\/wp-json\/wp\/v2\/product_tag?post=2413"}],"curies":[{"name":"wp","href":"https:\/\/api.w.org\/{rel}","templated":true}]}}