{"id":2525,"date":"2023-12-23T15:41:32","date_gmt":"2023-12-23T13:41:32","guid":{"rendered":"https:\/\/lavandamania.eu\/product\/luomu-persikkasaippua-100g\/"},"modified":"2024-02-18T23:29:14","modified_gmt":"2024-02-18T21:29:14","slug":"orgaaninen-persikka-saippua-100g-kosmos-luomu","status":"publish","type":"product","link":"https:\/\/lavandamania.eu\/fi\/tuote\/orgaaninen-persikka-saippua-100g-kosmos-luomu\/","title":{"rendered":"Luomu persikkasaippua 100g"},"content":{"rendered":"<p class=\"p1\"><strong>Hell\u00e4varainen iholle<\/strong><\/p>\n<p class=\"p1\">Organic Softness Vine Peach -saippuamme on suunniteltu erityisesti sen pehmeyden ja ihoa my\u00f6t\u00e4ilevyyden vuoksi, ja se sopii kaikille ihotyypeille p\u00e4ivitt\u00e4iseen puhdistukseen. Anna t\u00e4m\u00e4n saippuan pehmeyden ja viinik\u00f6ynn\u00f6spersikan luonnollisen hedelm\u00e4isen tuoksun ymp\u00e4r\u00f6id\u00e4 itsesi.<\/p>\n<p class=\"p1\"><strong>Orgaaninen ja kasviper\u00e4inen koostumus, COSMOS ORGANIC hyv\u00e4ksytty.<\/strong><\/p>\n<p class=\"p1\">Tavoitteenamme on tarjota luonnollista, hell\u00e4varaista ja ymp\u00e4rist\u00f6yst\u00e4v\u00e4llist\u00e4 saippuaa. Siksi Douceur Bio -saippuamme koostuu yli 99-prosenttisesti luonnollisista ainesosista, joista 75 prosenttia on luonnonmukaisesti viljeltyj\u00e4. Ecocert Greenlife on sertifioinut sen COSMOS ORGANIC -sertifikaatin COSMOS-standardin mukaisesti, ja se on taatusti vapaa v\u00e4riaineista, parabeeneista ja EDTA:sta.<\/p>\n<p class=\"p1\"><strong>Ainesosat<\/strong><\/p>\n<ul>\n<li>Natriumpalmiaatti*<\/li>\n<li>Natriumpalmukernelaatti*<\/li>\n<li>Aqua (vesi)<\/li>\n<li>Glyseriini*<\/li>\n<li>Parfum** (hajuste)<\/li>\n<li>Tetrasodiumglutamaattidiasetaatti<\/li>\n<li>Natriumkloridi<\/li>\n<li>Natriumhydroksidi<\/li>\n<li>Sitruunahappo<\/li>\n<li>Linalool<\/li>\n<li>Citronellol<\/li>\n<li>Limoneeni<\/li>\n<\/ul>\n<p>* Jalostettu luonnonmukaisista ainesosista.<br \/>\n** Luonnollista alkuper\u00e4\u00e4 oleva tuoksu<\/p>\n<p>RSPO (Roundtable on Sustainable Oil) -sertifioidut \u00f6ljyt, jotka ovat per\u00e4isin kest\u00e4v\u00e4sti hoidetuilta plantaaseilta ymp\u00e4rist\u00f6\u00e4 ja paikallisia kulttuureja kunnioittaen.<\/p>\n","protected":false},"excerpt":{"rendered":"<p>Hell\u00e4varainen iholle Organic Softness Vine Peach -saippuamme on suunniteltu erityisesti sen pehmeyden ja ihoa my\u00f6t\u00e4ilevyyden vuoksi, ja se sopii kaikille ihotyypeille p\u00e4ivitt\u00e4iseen puhdistukseen. Anna t\u00e4m\u00e4n saippuan pehmeyden ja viinik\u00f6ynn\u00f6spersikan luonnollisen hedelm\u00e4isen tuoksun ymp\u00e4r\u00f6id\u00e4 itsesi. Orgaaninen ja kasviper\u00e4inen koostumus, COSMOS ORGANIC hyv\u00e4ksytty. Tavoitteenamme on tarjota luonnollista, hell\u00e4varaista ja ymp\u00e4rist\u00f6yst\u00e4v\u00e4llist\u00e4 saippuaa. Siksi Douceur Bio -saippuamme koostuu yli [&hellip;]<\/p>\n","protected":false},"featured_media":2526,"template":"","meta":[],"product_brand":[],"product_cat":[135],"product_tag":[],"class_list":{"0":"post-2525","1":"product","2":"type-product","3":"status-publish","4":"has-post-thumbnail","6":"product_cat-ihonhoito","8":"first","9":"instock","10":"taxable","11":"shipping-taxable","12":"purchasable","13":"product-type-simple"},"aioseo_notices":[],"jetpack_sharing_enabled":true,"_links":{"self":[{"href":"https:\/\/lavandamania.eu\/fi\/wp-json\/wp\/v2\/product\/2525","targetHints":{"allow":["GET"]}}],"collection":[{"href":"https:\/\/lavandamania.eu\/fi\/wp-json\/wp\/v2\/product"}],"about":[{"href":"https:\/\/lavandamania.eu\/fi\/wp-json\/wp\/v2\/types\/product"}],"wp:featuredmedia":[{"embeddable":true,"href":"https:\/\/lavandamania.eu\/fi\/wp-json\/wp\/v2\/media\/2526"}],"wp:attachment":[{"href":"https:\/\/lavandamania.eu\/fi\/wp-json\/wp\/v2\/media?parent=2525"}],"wp:term":[{"taxonomy":"product_brand","embeddable":true,"href":"https:\/\/lavandamania.eu\/fi\/wp-json\/wp\/v2\/product_brand?post=2525"},{"taxonomy":"product_cat","embeddable":true,"href":"https:\/\/lavandamania.eu\/fi\/wp-json\/wp\/v2\/product_cat?post=2525"},{"taxonomy":"product_tag","embeddable":true,"href":"https:\/\/lavandamania.eu\/fi\/wp-json\/wp\/v2\/product_tag?post=2525"}],"curies":[{"name":"wp","href":"https:\/\/api.w.org\/{rel}","templated":true}]}}