{"id":2472,"date":"2023-12-23T19:43:50","date_gmt":"2023-12-23T17:43:50","guid":{"rendered":"https:\/\/lavandamania.eu\/product\/orgaaninen-arganoljy-saippua-100g\/"},"modified":"2024-02-18T23:29:03","modified_gmt":"2024-02-18T21:29:03","slug":"orgaaninen-argan-oljy-saippua-100g","status":"publish","type":"product","link":"https:\/\/lavandamania.eu\/fi\/tuote\/orgaaninen-argan-oljy-saippua-100g\/","title":{"rendered":"Orgaaninen Argan\u00f6ljy saippua 100g"},"content":{"rendered":"<p class=\"p1\"><strong>Hell\u00e4varainen iholle<\/strong><\/p>\n<p class=\"p1\">Orgaaninen hell\u00e4varainen argan\u00f6ljysaippuamme on suunniteltu erityisesti sen pehmeyden ja ihoa my\u00f6t\u00e4ilevyyden vuoksi. T\u00e4m\u00e4 hell\u00e4varainen saippua on rikastettu orgaanisella argan\u00f6ljyll\u00e4, joka sis\u00e4lt\u00e4\u00e4 runsaasti v\u00e4ltt\u00e4m\u00e4tt\u00f6mi\u00e4 rasvahappoja, E-vitamiinia ja antioksidantteja. Se on eritt\u00e4in ravitseva, palauttaa ihon joustavuuden ja sopii kaikille ihotyypeille p\u00e4ivitt\u00e4iseen puhdistukseen. Anna t\u00e4m\u00e4n luonnollisen tuoksuisen saippuan sulautua pehmeyteen.<\/p>\n<p class=\"p1\"><strong>Orgaaninen ja kasviper\u00e4inen koostumus, COSMOS ORGANIC hyv\u00e4ksytty.<\/strong><\/p>\n<p class=\"p1\">Orgaaninen hell\u00e4varainen argan\u00f6ljysaippuamme on suunniteltu erityisesti sen pehmeyden ja ihoa my\u00f6t\u00e4ilevyyden vuoksi. T\u00e4m\u00e4 hell\u00e4varainen saippua on rikastettu orgaanisella argan\u00f6ljyll\u00e4, joka sis\u00e4lt\u00e4\u00e4 runsaasti v\u00e4ltt\u00e4m\u00e4tt\u00f6mi\u00e4 rasvahappoja, E-vitamiinia ja antioksidantteja. Se on eritt\u00e4in ravitseva, palauttaa ihon joustavuuden ja sopii kaikille ihotyypeille p\u00e4ivitt\u00e4iseen puhdistukseen. Anna t\u00e4m\u00e4n luonnollisen tuoksuisen saippuan sulautua pehmeyteen.<\/p>\n<p class=\"p1\"><strong>Ainesosat<\/strong><\/p>\n<ul>\n<li>Natriumpalmiaatti**<\/li>\n<li>Natriumpalmukernelaatti**<\/li>\n<li>Aqua (vesi)<\/li>\n<li>Glyseriini**<\/li>\n<li>Parfum*** (tuoksu)<\/li>\n<li>Tetrasodiumglutamaattidiasetaatti<\/li>\n<li>Argania Spinosa -ydin\u00f6ljy*<\/li>\n<li>Natriumkloridi<\/li>\n<li>Natriumhydroksidi<\/li>\n<li>Sitruunahappo<\/li>\n<li>Geraniol<\/li>\n<\/ul>\n<p>&nbsp;<\/p>\n<p>* Luonnonmukaisesta maataloudesta per\u00e4isin oleva ainesosa<br \/>\n** Jalostettu luonnonmukaisista ainesosista.<br \/>\n*** Luonnollinen tuoksu<\/p>\n<p>RSPO (Roundtable on Sustainable Oil) -sertifioidut \u00f6ljyt, jotka ovat per\u00e4isin kest\u00e4v\u00e4sti hoidetuilta plantaaseilta ymp\u00e4rist\u00f6\u00e4 ja paikallisia kulttuureja kunnioittaen.<\/p>\n","protected":false},"excerpt":{"rendered":"<p>Hell\u00e4varainen iholle Orgaaninen hell\u00e4varainen argan\u00f6ljysaippuamme on suunniteltu erityisesti sen pehmeyden ja ihoa my\u00f6t\u00e4ilevyyden vuoksi. T\u00e4m\u00e4 hell\u00e4varainen saippua on rikastettu orgaanisella argan\u00f6ljyll\u00e4, joka sis\u00e4lt\u00e4\u00e4 runsaasti v\u00e4ltt\u00e4m\u00e4tt\u00f6mi\u00e4 rasvahappoja, E-vitamiinia ja antioksidantteja. Se on eritt\u00e4in ravitseva, palauttaa ihon joustavuuden ja sopii kaikille ihotyypeille p\u00e4ivitt\u00e4iseen puhdistukseen. Anna t\u00e4m\u00e4n luonnollisen tuoksuisen saippuan sulautua pehmeyteen. Orgaaninen ja kasviper\u00e4inen koostumus, COSMOS ORGANIC [&hellip;]<\/p>\n","protected":false},"featured_media":2483,"template":"","meta":[],"product_brand":[],"product_cat":[135],"product_tag":[],"class_list":{"0":"post-2472","1":"product","2":"type-product","3":"status-publish","4":"has-post-thumbnail","6":"product_cat-ihonhoito","8":"first","9":"instock","10":"taxable","11":"shipping-taxable","12":"purchasable","13":"product-type-simple"},"aioseo_notices":[],"jetpack_sharing_enabled":true,"_links":{"self":[{"href":"https:\/\/lavandamania.eu\/fi\/wp-json\/wp\/v2\/product\/2472","targetHints":{"allow":["GET"]}}],"collection":[{"href":"https:\/\/lavandamania.eu\/fi\/wp-json\/wp\/v2\/product"}],"about":[{"href":"https:\/\/lavandamania.eu\/fi\/wp-json\/wp\/v2\/types\/product"}],"wp:featuredmedia":[{"embeddable":true,"href":"https:\/\/lavandamania.eu\/fi\/wp-json\/wp\/v2\/media\/2483"}],"wp:attachment":[{"href":"https:\/\/lavandamania.eu\/fi\/wp-json\/wp\/v2\/media?parent=2472"}],"wp:term":[{"taxonomy":"product_brand","embeddable":true,"href":"https:\/\/lavandamania.eu\/fi\/wp-json\/wp\/v2\/product_brand?post=2472"},{"taxonomy":"product_cat","embeddable":true,"href":"https:\/\/lavandamania.eu\/fi\/wp-json\/wp\/v2\/product_cat?post=2472"},{"taxonomy":"product_tag","embeddable":true,"href":"https:\/\/lavandamania.eu\/fi\/wp-json\/wp\/v2\/product_tag?post=2472"}],"curies":[{"name":"wp","href":"https:\/\/api.w.org\/{rel}","templated":true}]}}