{"id":2402,"date":"2023-12-25T13:31:24","date_gmt":"2023-12-25T11:31:24","guid":{"rendered":"https:\/\/lavandamania.eu\/product\/lahjapakkaus-jossa-3-marseille-saippuaa\/"},"modified":"2024-02-18T23:28:58","modified_gmt":"2024-02-18T21:28:58","slug":"lahjapakkaus-3-marseille-saippuaa","status":"publish","type":"product","link":"https:\/\/lavandamania.eu\/fi\/tuote\/lahjapakkaus-3-marseille-saippuaa\/","title":{"rendered":"Lahjapakkaus, jossa 3 Marseille-saippuaa"},"content":{"rendered":"<p>Papillote of Marseille -saippuat on lahjapakkaus &#8221;made in Marseille&#8221;, joka koostuu 3:sta 100 g:n kuutiosta:<\/p>\n<ul>\n<li>kuutio ECOCERT Marseillen oliivisaippuaa (hajusteeton).<\/li>\n<li>kuutio ECOCERT Extra-Pure Marseille -saippuaa (hajusteeton).<\/li>\n<li>Laventelilla tuoksuva kuutio.<\/li>\n<\/ul>\n<p>Kierr\u00e4tett\u00e4v\u00e4 pakkaus.<\/p>\n","protected":false},"excerpt":{"rendered":"<p>Papillote of Marseille -saippuat on lahjapakkaus &#8221;made in Marseille&#8221;, joka koostuu 3:sta 100 g:n kuutiosta: kuutio ECOCERT Marseillen oliivisaippuaa (hajusteeton). kuutio ECOCERT Extra-Pure Marseille -saippuaa (hajusteeton). Laventelilla tuoksuva kuutio. Kierr\u00e4tett\u00e4v\u00e4 pakkaus.<\/p>\n","protected":false},"featured_media":2403,"template":"","meta":[],"product_brand":[],"product_cat":[135],"product_tag":[],"class_list":{"0":"post-2402","1":"product","2":"type-product","3":"status-publish","4":"has-post-thumbnail","6":"product_cat-ihonhoito","8":"first","9":"instock","10":"taxable","11":"shipping-taxable","12":"purchasable","13":"product-type-simple"},"aioseo_notices":[],"jetpack_sharing_enabled":true,"_links":{"self":[{"href":"https:\/\/lavandamania.eu\/fi\/wp-json\/wp\/v2\/product\/2402","targetHints":{"allow":["GET"]}}],"collection":[{"href":"https:\/\/lavandamania.eu\/fi\/wp-json\/wp\/v2\/product"}],"about":[{"href":"https:\/\/lavandamania.eu\/fi\/wp-json\/wp\/v2\/types\/product"}],"wp:featuredmedia":[{"embeddable":true,"href":"https:\/\/lavandamania.eu\/fi\/wp-json\/wp\/v2\/media\/2403"}],"wp:attachment":[{"href":"https:\/\/lavandamania.eu\/fi\/wp-json\/wp\/v2\/media?parent=2402"}],"wp:term":[{"taxonomy":"product_brand","embeddable":true,"href":"https:\/\/lavandamania.eu\/fi\/wp-json\/wp\/v2\/product_brand?post=2402"},{"taxonomy":"product_cat","embeddable":true,"href":"https:\/\/lavandamania.eu\/fi\/wp-json\/wp\/v2\/product_cat?post=2402"},{"taxonomy":"product_tag","embeddable":true,"href":"https:\/\/lavandamania.eu\/fi\/wp-json\/wp\/v2\/product_tag?post=2402"}],"curies":[{"name":"wp","href":"https:\/\/api.w.org\/{rel}","templated":true}]}}