{"id":2363,"date":"2023-09-21T14:46:33","date_gmt":"2023-09-21T11:46:33","guid":{"rendered":"https:\/\/lavandamania.eu\/laventelista\/"},"modified":"2024-02-17T15:41:23","modified_gmt":"2024-02-17T13:41:23","slug":"laventelista","status":"publish","type":"page","link":"https:\/\/lavandamania.eu\/fi\/laventelista\/","title":{"rendered":"Laventelista"},"content":{"rendered":"\t\t<div data-elementor-type=\"wp-page\" data-elementor-id=\"2363\" class=\"elementor elementor-2363 elementor-524\" data-elementor-post-type=\"page\">\n\t\t\t\t<div class=\"elementor-element elementor-element-fd9c7eb e-flex e-con-boxed e-con e-parent\" data-id=\"fd9c7eb\" data-element_type=\"container\">\n\t\t\t\t\t<div class=\"e-con-inner\">\n\t\t\t\t<div class=\"elementor-element elementor-element-b9f91da elementor-widget elementor-widget-heading\" data-id=\"b9f91da\" data-element_type=\"widget\" data-widget_type=\"heading.default\">\n\t\t\t\t<div class=\"elementor-widget-container\">\n\t\t\t\t\t<h2 class=\"elementor-heading-title elementor-size-default\">KOHOTA TERVEYTT\u00c4SI JA HYVINVOINTIASI VAPAUTTAMALLA LAVENTELIN VOIMA.<\/h2>\t\t\t\t<\/div>\n\t\t\t\t<\/div>\n\t\t\t\t\t<\/div>\n\t\t\t\t<\/div>\n\t\t<div class=\"elementor-element elementor-element-a2288e5 e-flex e-con-boxed e-con e-parent\" data-id=\"a2288e5\" data-element_type=\"container\">\n\t\t\t\t\t<div class=\"e-con-inner\">\n\t\t\t\t<div class=\"elementor-element elementor-element-56cc7ea elementor-widget elementor-widget-text-editor\" data-id=\"56cc7ea\" data-element_type=\"widget\" data-widget_type=\"text-editor.default\">\n\t\t\t\t<div class=\"elementor-widget-container\">\n\t\t\t\t\t\t\t\t\t<p>Tervetuloa laventelin inspiroimaan turvapaikkaamme! Laventeli ei ole vain tuoksuva kukka, vaan se on luonnollisen hyvyyden voimanpes\u00e4, joka voi parantaa terveytt\u00e4si ja hyvinvointiasi lukemattomilla tavoilla. Laventelituotteet rauhoittavat aistejasi ja parantavat yleist\u00e4 terveydentilaasi, ja siksi sinun kannattaa harkita laventelituotteiden sis\u00e4llytt\u00e4mist\u00e4 p\u00e4ivitt\u00e4isiin rutiineihisi.<\/p>\n<p><strong>1. Stressinpoisto ja rentoutuminen<\/strong><\/p>\n<p>Laventelia on arvostettu vuosisatojen ajan sen rauhoittavien ominaisuuksien vuoksi. Olipa kyseess\u00e4 stressi, ahdistuneisuus tai yksinkertaisesti rentoutumisen tarve, laventeli voi olla paras kumppanisi. Sen tuoksu vaikuttaa rauhoittavasti hermostoon, auttaa v\u00e4hent\u00e4m\u00e4\u00e4n stressi\u00e4 ja edist\u00e4\u00e4 rauhallisuuden tunnetta. Laventelin eteerinen \u00f6ljy, kun sit\u00e4 k\u00e4ytet\u00e4\u00e4n aromaterapiassa tai lis\u00e4t\u00e4\u00e4n kylpyveteen, voi vied\u00e4 sinut autuaalliseen rentoutumiseen, mik\u00e4 tekee siit\u00e4 ihanteellisen valinnan niille, jotka etsiv\u00e4t turvapaikkaa modernin el\u00e4m\u00e4n h\u00e4lin\u00e4st\u00e4 ja kiireest\u00e4.<\/p>\n<p><strong>2. Parempi unen laatu<\/strong><\/p>\n<p>Kamppailetko unettomien \u00f6iden kanssa? Laventeli saattaa olla unesi pelastaja. Tutkimusten mukaan laventelin tuoksu voi parantaa unen laatua, auttaa nukahtamaan nopeammin ja nauttimaan syvemm\u00e4st\u00e4 ja levollisemmasta unesta. Aseta laventelipussi tyynyn alle tai levit\u00e4 laventelin eteerist\u00e4 \u00f6ljy\u00e4 makuuhuoneeseen, jotta saat rauhallisen nukkumaanmenorutiinin, joka saa sinut tuntemaan olosi virke\u00e4ksi aamulla.<\/p>\n<p><strong>3. Ihon ja hiusten hoito<\/strong><\/p>\n<p>Laventeli ei ole vain rentouttava, vaan se on my\u00f6s monipuolinen kauneuden edist\u00e4j\u00e4. Laventelilla t\u00e4ytetyt tuotteet voivat tehd\u00e4 ihmeit\u00e4 ihollesi ja hiuksillesi. Sen luonnolliset anti-inflammatoriset ja antioksidanttiset ominaisuudet auttavat rauhoittamaan \u00e4rtynytt\u00e4 ihoa, v\u00e4hent\u00e4m\u00e4\u00e4n aknea ja edist\u00e4m\u00e4\u00e4n tervett\u00e4 ihoa. Laventelilla t\u00e4ytetyt shampoot ja hoitoaineet eiv\u00e4t ainoastaan puhdista hiuksiasi, vaan j\u00e4tt\u00e4v\u00e4t niihin my\u00f6s ihastuttavan tuoksun ja rauhoittavan tunteen p\u00e4\u00e4nahkaan.<\/p>\n<p><strong>4. Kivunlievitys ja parantuminen<\/strong><\/p>\n<p>Laventelin terapeuttiset hy\u00f6dyt ulottuvat kivunlievitykseen ja haavojen paranemiseen. Paikallisesti k\u00e4ytettyn\u00e4 laventeli\u00f6ljy voi lievitt\u00e4\u00e4 pieni\u00e4 s\u00e4rkyj\u00e4 ja kipuja, kuten p\u00e4\u00e4ns\u00e4rky\u00e4 ja lihasj\u00e4nnityst\u00e4. Lis\u00e4ksi sen antimikrobiset ominaisuudet voivat auttaa haavan paranemisessa ja v\u00e4hent\u00e4\u00e4 infektioriski\u00e4. Laventelilla t\u00e4ytetyist\u00e4 balsameista voiteisiin on lukuisia vaihtoehtoja luonnolliseen kivunlievitykseen ja ihon nuorentamiseen.<\/p>\n<p><strong>5. Luonnollinen stressinhallinta<\/strong><\/p>\n<p>Nykyp\u00e4iv\u00e4n nopeatempoisessa maailmassa stressinhallinta on ensiarvoisen t\u00e4rke\u00e4\u00e4. Laventeli voi olla osa p\u00e4ivitt\u00e4ist\u00e4 stressin torjunta-arsenaaliasi. Sis\u00e4llyt\u00e4 itsehoitorutiineihisi laventeliteet\u00e4, laventelin tuoksuisia kynttil\u00f6it\u00e4 tai laventelipohjaisia kylpysuoloja. N\u00e4m\u00e4 tuotteet voivat auttaa sinua s\u00e4ilytt\u00e4m\u00e4\u00e4n tasapainon ja rauhallisuuden tunteen jopa kaikkein hektisimpin\u00e4 p\u00e4ivin\u00e4.<\/p>\n<p><strong>6. Hyttys- ja punkkikarkotin<\/strong><\/p>\n<p>Laventeli tarjoaa my\u00f6s luonnollisen suojan hyttysi\u00e4 ja punkkeja vastaan. Laventelin eteerinen \u00f6ljy voi iholle levitettyn\u00e4 toimia hyttyskarkotteena. Sen tuoksu auttaa est\u00e4m\u00e4\u00e4n hyttysi\u00e4, joten se on arvokas lis\u00e4 ulkoiluun. Vaikka laventelin teho punkkeja vastaan voi vaihdella, sill\u00e4 voi silti olla lievi\u00e4 karkottavia ominaisuuksia.<\/p>\n<p><strong>Miksi valita laventelituotteet meilt\u00e4?<\/strong><\/p>\n<p>Nyt kun olet tutustunut laventelin lukemattomiin hy\u00f6tyihin, saatat mietti\u00e4, mist\u00e4 l\u00f6yd\u00e4t parhaat laventelituotteet. \u00c4l\u00e4 etsi kauempaa! Sitoutumisemme laatuun ja puhtauteen erottaa meid\u00e4t muista:<\/p>\n<ol>\n<li>\n<p><strong>K\u00e4sin poimittu laventeli<\/strong>: Laventeli on per\u00e4isin luotetuilta viljelij\u00f6ilt\u00e4, jotka suosivat luonnonmukaisia ja kest\u00e4vi\u00e4 k\u00e4yt\u00e4nt\u00f6j\u00e4. N\u00e4in varmistetaan, ett\u00e4 tuotteissamme on laventelin puhtain olemus.<\/p>\n<\/li>\n<li>\n<p><strong>Asiantuntevaa ammattitaitoa<\/strong>: Asiantuntijat, jotka ymm\u00e4rt\u00e4v\u00e4t laventelin potentiaalin hy\u00f6dynt\u00e4misen taidon, valmistavat laventelituotteemme huolellisesti. Jokainen tuote eteerisist\u00e4 \u00f6ljyist\u00e4 ihonhoitotuotteisiin on luotu tarkasti ja huolellisesti.<\/p>\n<\/li>\n<li>\n<p><strong>Puhtaus taattu<\/strong>: Olemme ylpeit\u00e4 tarjotessamme laventelituotteita, jotka ovat vapaita haitallisista kemikaaleista ja lis\u00e4aineista. Hyvinvointisi on etusijalla, ja takaamme tarjoamiemme tuotteiden laadun ja puhtauden.<\/p>\n<\/li>\n<li>\n<p><strong>Asiakastyytyv\u00e4isyys<\/strong>: Laventelituotteemme tehokkuudesta vastaavat uskolliset asiakkaamme. Olemme omistautuneet tarjoamaan sinulle parhaan mahdollisen laventelikokemuksen ja varmistamaan tyytyv\u00e4isyytesi jokaisen ostoksen yhteydess\u00e4.<\/p>\n<\/li>\n<\/ol>\n<p>Koe laventelin rauhoittava, elvytt\u00e4v\u00e4 ja muuttava voima tutustumalla laajaan valikoimaan laventelilla t\u00e4ytettyj\u00e4 tuotteita. Paranna terveytt\u00e4si ja hyvinvointiasi luonnon omalla l\u00e4\u00e4kkeell\u00e4 ja anna laventelin tulla olennaiseksi osaksi jokap\u00e4iv\u00e4ist\u00e4 el\u00e4m\u00e4\u00e4si. Tie rauhallisempaan, rennompaan ja terveemp\u00e4\u00e4n oloon alkaa t\u00e4\u00e4lt\u00e4, laventelista.<\/p>\n\t\t\t\t\t\t\t\t<\/div>\n\t\t\t\t<\/div>\n\t\t\t\t\t<\/div>\n\t\t\t\t<\/div>\n\t\t\t\t<\/div>\n\t\t","protected":false},"excerpt":{"rendered":"<p>KOHOTA TERVEYTT\u00c4SI JA HYVINVOINTIASI VAPAUTTAMALLA LAVENTELIN VOIMA. Tervetuloa laventelin inspiroimaan turvapaikkaamme! Laventeli ei ole vain tuoksuva kukka, vaan se on luonnollisen hyvyyden voimanpes\u00e4, joka voi parantaa terveytt\u00e4si ja hyvinvointiasi lukemattomilla tavoilla. Laventelituotteet rauhoittavat aistejasi ja parantavat yleist\u00e4 terveydentilaasi, ja siksi sinun kannattaa harkita laventelituotteiden sis\u00e4llytt\u00e4mist\u00e4 p\u00e4ivitt\u00e4isiin rutiineihisi. 1. Stressinpoisto ja rentoutuminen Laventelia on arvostettu vuosisatojen [&hellip;]<\/p>\n","protected":false},"author":1,"featured_media":0,"parent":0,"menu_order":0,"comment_status":"closed","ping_status":"closed","template":"","meta":{"footnotes":""},"class_list":["post-2363","page","type-page","status-publish","hentry"],"aioseo_notices":[],"jetpack_sharing_enabled":true,"_links":{"self":[{"href":"https:\/\/lavandamania.eu\/fi\/wp-json\/wp\/v2\/pages\/2363","targetHints":{"allow":["GET"]}}],"collection":[{"href":"https:\/\/lavandamania.eu\/fi\/wp-json\/wp\/v2\/pages"}],"about":[{"href":"https:\/\/lavandamania.eu\/fi\/wp-json\/wp\/v2\/types\/page"}],"author":[{"embeddable":true,"href":"https:\/\/lavandamania.eu\/fi\/wp-json\/wp\/v2\/users\/1"}],"replies":[{"embeddable":true,"href":"https:\/\/lavandamania.eu\/fi\/wp-json\/wp\/v2\/comments?post=2363"}],"version-history":[{"count":1,"href":"https:\/\/lavandamania.eu\/fi\/wp-json\/wp\/v2\/pages\/2363\/revisions"}],"predecessor-version":[{"id":2364,"href":"https:\/\/lavandamania.eu\/fi\/wp-json\/wp\/v2\/pages\/2363\/revisions\/2364"}],"wp:attachment":[{"href":"https:\/\/lavandamania.eu\/fi\/wp-json\/wp\/v2\/media?parent=2363"}],"curies":[{"name":"wp","href":"https:\/\/api.w.org\/{rel}","templated":true}]}}