{"id":2355,"date":"2023-10-04T14:34:57","date_gmt":"2023-10-04T11:34:57","guid":{"rendered":"https:\/\/lavandamania.eu\/tietosuojakaytanto\/"},"modified":"2024-02-17T15:41:13","modified_gmt":"2024-02-17T13:41:13","slug":"tietosuojakaytanto","status":"publish","type":"page","link":"https:\/\/lavandamania.eu\/fi\/tietosuojakaytanto\/","title":{"rendered":"Tietosuojak\u00e4yt\u00e4nt\u00f6"},"content":{"rendered":"\t\t<div data-elementor-type=\"wp-page\" data-elementor-id=\"2355\" class=\"elementor elementor-2355 elementor-744\" data-elementor-post-type=\"page\">\n\t\t\t\t<div class=\"elementor-element elementor-element-da3d6f4 e-flex e-con-boxed e-con e-parent\" data-id=\"da3d6f4\" data-element_type=\"container\">\n\t\t\t\t\t<div class=\"e-con-inner\">\n\t\t\t\t<div class=\"elementor-element elementor-element-dd8fa7f elementor-widget elementor-widget-text-editor\" data-id=\"dd8fa7f\" data-element_type=\"widget\" data-widget_type=\"text-editor.default\">\n\t\t\t\t<div class=\"elementor-widget-container\">\n\t\t\t\t\t\t\t\t\t<h2>Tietosuojak\u00e4yt\u00e4nt\u00f6<\/h2>\n<ol>\n<li>\n<h6><strong>Yleiset s\u00e4\u00e4nn\u00f6kset<\/strong><\/h6>\n<\/li>\n<\/ol>\n<p>1.1. T\u00e4ss\u00e4 tietosuojak\u00e4yt\u00e4nn\u00f6ss\u00e4 s\u00e4\u00e4nnell\u00e4\u00e4n henkil\u00f6tietojen ker\u00e4\u00e4misen, k\u00e4sittelyn ja tallentamisen periaatteita. Henkil\u00f6tietoja ker\u00e4\u00e4, k\u00e4sittelee ja tallentaa rekisterinpit\u00e4j\u00e4 (CATz Soft Ltd) (j\u00e4ljemp\u00e4n\u00e4 &#8221;rekisterinpit\u00e4j\u00e4&#8221;).<\/p>\n<p>1.2. T\u00e4ss\u00e4 tietosuojak\u00e4yt\u00e4nn\u00f6ss\u00e4 rekister\u00f6idyll\u00e4 tarkoitetaan asiakasta tai muuta henkil\u00f6\u00e4, jonka henkil\u00f6tietoja rekisterinpit\u00e4j\u00e4 k\u00e4sittelee.<\/p>\n<p>1.3. T\u00e4ss\u00e4 tietosuojak\u00e4yt\u00e4nn\u00f6ss\u00e4 asiakkaalla tarkoitetaan ket\u00e4 tahansa, joka ostaa tavaroita tai palveluita rekisterinpit\u00e4j\u00e4n verkkosivustolta.<\/p>\n<p>1.4. Rekisterinpit\u00e4j\u00e4 noudattaa sovellettavassa lains\u00e4\u00e4d\u00e4nn\u00f6ss\u00e4 s\u00e4\u00e4dettyj\u00e4 tietojenk\u00e4sittelyn periaatteita, mukaan lukien henkil\u00f6tietojen k\u00e4sittely laillisesti, oikeudenmukaisesti ja turvallisesti. Rekisterinpit\u00e4j\u00e4 voi vahvistaa, ett\u00e4 henkil\u00f6tietoja on k\u00e4sitelty sovellettavan lains\u00e4\u00e4d\u00e4nn\u00f6n mukaisesti.<\/p>\n<ol start=\"2\">\n<li>\n<h6><strong>Henkil\u00f6tietojen ker\u00e4\u00e4minen, k\u00e4sittely ja tallentaminen<\/strong><\/h6>\n<\/li>\n<\/ol>\n<p>2.1. Rekisterinpit\u00e4j\u00e4n ker\u00e4\u00e4m\u00e4t, k\u00e4sittelem\u00e4t ja tallentamat henkil\u00f6tiedot ker\u00e4t\u00e4\u00e4n ensisijaisesti s\u00e4hk\u00f6isesti, p\u00e4\u00e4asiassa verkkosivuston ja s\u00e4hk\u00f6postin kautta.<\/p>\n<p>2.2. Jakamalla henkil\u00f6tietonsa rekister\u00f6ity antaa rekisterinpit\u00e4j\u00e4lle oikeuden ker\u00e4t\u00e4, j\u00e4rjest\u00e4\u00e4, k\u00e4ytt\u00e4\u00e4 ja hallinnoida tietosuojaselosteessa m\u00e4\u00e4riteltyj\u00e4 henkil\u00f6tietoja tietosuojaselosteessa m\u00e4\u00e4riteltyihin tarkoituksiin, jotka rekister\u00f6ity jakaa suoraan tai ep\u00e4suorasti ostaessaan tavaroita tai palveluja verkkosivustolta.<\/p>\n<p>2.3. Rekister\u00f6ity on vastuussa siit\u00e4, ett\u00e4 h\u00e4nen antamansa tiedot ovat tarkkoja, oikeita ja t\u00e4ydellisi\u00e4. V\u00e4\u00e4rien tietojen tahallinen antaminen katsotaan yksityisyydensuojak\u00e4yt\u00e4nn\u00f6n rikkomiseksi. Rekister\u00f6ity on velvollinen ilmoittamaan rekisterinpit\u00e4j\u00e4lle viipym\u00e4tt\u00e4 kaikista annettujen tietojen muutoksista.<\/p>\n<p>2.4. Rekisterinpit\u00e4j\u00e4 ei ole vastuussa vahingoista, joita rekister\u00f6idylle tai kolmansille osapuolille aiheutuu siit\u00e4, ett\u00e4 rekister\u00f6ity antaa v\u00e4\u00e4ri\u00e4 tietoja.<\/p>\n<ol start=\"3\">\n<li>\n<h6><strong>Asiakkaan henkil\u00f6tietojen k\u00e4sittely<\/strong><\/h6>\n<\/li>\n<\/ol>\n<p>3.1. Rekisterinpit\u00e4j\u00e4 voi k\u00e4sitell\u00e4 seuraavia rekister\u00f6idyn henkil\u00f6tietoja:<\/p>\n<p>3.1.1. Etu- ja sukunimi;<\/p>\n<p>3.1.2. Syntym\u00e4aika;<\/p>\n<p>3.1.3. Puhelinnumero;<\/p>\n<p>3.1.4. S\u00e4hk\u00f6postiosoite;<\/p>\n<p>3.1.5. Toimitusosoite;<\/p>\n<p>3.1.6. Pankkitilin numero;<\/p>\n<p>3.1.7. Maksukortin tiedot;<\/p>\n<p>3.2. Edell\u00e4 mainitun lis\u00e4ksi rekisterinpit\u00e4j\u00e4ll\u00e4 on oikeus ker\u00e4t\u00e4 asiakasta koskevia tietoja julkisista rekistereist\u00e4.<\/p>\n<p>3.3. Henkil\u00f6tietojen k\u00e4sittelyn oikeusperusta on yleisen tietosuoja-asetuksen 6 artiklan 1 kohdan a, b, c ja f alakohta:<\/p>\n<p>a) Rekister\u00f6ity on antanut suostumuksensa henkil\u00f6tietojensa k\u00e4sittelyyn yht\u00e4 tai useampaa erityist\u00e4 tarkoitusta varten;<\/p>\n<p>b) K\u00e4sittely on tarpeen sellaisen sopimuksen t\u00e4ytt\u00e4miseksi, jossa rekister\u00f6ity on osapuolena, tai toimenpiteiden toteuttamiseksi rekister\u00f6idyn pyynn\u00f6st\u00e4 ennen sopimuksen tekemist\u00e4;<\/p>\n<p>c) K\u00e4sittely on tarpeen rekisterinpit\u00e4j\u00e4n lakis\u00e4\u00e4teisen velvoitteen noudattamiseksi;<\/p>\n<p>f) k\u00e4sittely on tarpeen rekisterinpit\u00e4j\u00e4n tai kolmannen osapuolen oikeutettujen etujen toteuttamiseksi, paitsi jos rekister\u00f6idyn edut tai perusoikeudet ja -vapaudet syrj\u00e4ytt\u00e4v\u00e4t n\u00e4m\u00e4 edut, erityisesti jos rekister\u00f6ity on lapsi.<\/p>\n<p>3.4. Henkil\u00f6tietojen k\u00e4sittely k\u00e4sittelyn tarkoituksen perusteella:<\/p>\n<p>3.4.1. K\u00e4sittelyn tarkoitus &#8211; turvallisuus Henkil\u00f6tietojen enimm\u00e4iss\u00e4ilytysaika &#8211; laissa s\u00e4\u00e4dettyjen m\u00e4\u00e4r\u00e4aikojen mukaisesti.<\/p>\n<p>3.4.2. K\u00e4sittelyn tarkoitus &#8211; tilausten k\u00e4sittely Henkil\u00f6tietojen enimm\u00e4iss\u00e4ilytysaika &#8211; 2 vuotta.<\/p>\n<p>3.4.3. K\u00e4sittelyn tarkoitus &#8211; verkkokaupan toiminnan varmistaminen Henkil\u00f6tietojen enimm\u00e4iss\u00e4ilytysaika &#8211; 2 vuotta.<\/p>\n<p>3.4.4. K\u00e4sittelyn tarkoitus &#8211; asiakashallinta Henkil\u00f6tietojen enimm\u00e4iss\u00e4ilytysaika &#8211; 2 vuotta.<\/p>\n<p>3.4.5. K\u00e4sittelyn tarkoitus &#8211; taloudellinen toiminta, kirjanpito Henkil\u00f6tietojen enimm\u00e4iss\u00e4ilytysaika &#8211; laissa s\u00e4\u00e4dettyjen m\u00e4\u00e4r\u00e4aikojen mukaisesti.<\/p>\n<p>3.4.6. K\u00e4sittelyn tarkoitus &#8211; markkinointi Henkil\u00f6tietojen enimm\u00e4iss\u00e4ilytysaika &#8211; 2 vuotta.<\/p>\n<p>3.5. Rekisterinpit\u00e4j\u00e4ll\u00e4 on oikeus jakaa asiakkaan henkil\u00f6tietoja kolmansille osapuolille, kuten valtuutetuille tietojenk\u00e4sittelij\u00f6ille, kirjanpit\u00e4jille, kuljetus- ja kuriiripalveluyrityksille sek\u00e4 maksujen siirtopalveluja tarjoaville yrityksille. Rekisterinpit\u00e4j\u00e4 siirt\u00e4\u00e4 maksujen k\u00e4sittely\u00e4 varten tarvittavat henkil\u00f6tiedot valtuutetulle k\u00e4sittelij\u00e4lle Maksekeskus AS:lle.<\/p>\n<p>3.6. Rekisterinpit\u00e4j\u00e4 toteuttaa rekister\u00f6idyn henkil\u00f6tietoja k\u00e4sitelless\u00e4\u00e4n ja tallentaessaan organisatorisia ja teknisi\u00e4 toimenpiteit\u00e4, joilla varmistetaan henkil\u00f6tietojen suojaaminen vahingossa tapahtuvalta tai laittomalta tuhoamiselta, muuttamiselta, luovuttamiselta ja muulta laittomalta k\u00e4sittelylt\u00e4.<\/p>\n<p>3.7. Rekisterinpit\u00e4j\u00e4 s\u00e4ilytt\u00e4\u00e4 rekister\u00f6idyn tietoja k\u00e4sittelyn tarkoituksesta riippuen, mutta enint\u00e4\u00e4n 2 vuotta.<\/p>\n<ol start=\"4\">\n<li>\n<h6><strong>Rekister\u00f6idyn oikeudet<\/strong><\/h6>\n<\/li>\n<\/ol>\n<p>4.1. Rekister\u00f6idyll\u00e4 on oikeus saada p\u00e4\u00e4sy henkil\u00f6tietoihinsa ja tutustua niihin.<\/p>\n<p>4.2. Rekister\u00f6idyll\u00e4 on oikeus saada tietoja henkil\u00f6tietojensa k\u00e4sittelyst\u00e4.<\/p>\n<p>4.3. Rekister\u00f6idyll\u00e4 on oikeus muuttaa tai korjata virheelliset tiedot.<\/p>\n<p>4.4. Jos rekisterinpit\u00e4j\u00e4 k\u00e4sittelee rekister\u00f6idyn henkil\u00f6tietoja t\u00e4m\u00e4n suostumuksen perusteella, rekister\u00f6idyll\u00e4 on oikeus peruuttaa suostumuksensa milloin tahansa.<\/p>\n<p>4.5. Rekister\u00f6ity voi k\u00e4ytt\u00e4\u00e4 oikeuksiaan ottamalla yhteytt\u00e4 verkkokaupan asiakastukeen osoitteessa <a href=\"mailto:info@lavandamania.eu.klient.veebimajutus.ee\" target=\"_new\">info@lavandamania.eu.klient.veebimajutus.ee<\/a>.<\/p>\n<p>4.6. Oikeuksiensa suojaamiseksi rekister\u00f6idyll\u00e4 on mahdollisuus tehd\u00e4 valitus tietosuojavaltuutetulle.<\/p>\n<ol start=\"5\">\n<li>\n<h6><strong>Loppus\u00e4\u00e4nn\u00f6kset<\/strong><\/h6>\n<\/li>\n<\/ol>\n<p>5.1. N\u00e4m\u00e4 tietosuojaehdot on laadittu luonnollisten henkil\u00f6iden suojelusta henkil\u00f6tietojen k\u00e4sittelyss\u00e4 ja n\u00e4iden tietojen vapaasta liikkuvuudesta sek\u00e4 direktiivin 95\/46\/EY kumoamisesta (yleinen tietosuoja-asetus) annetun Euroopan parlamentin ja neuvoston asetuksen (EU) 2016\/679, Viron tasavallan henkil\u00f6tietolain sek\u00e4 Viron ja Euroopan unionin lains\u00e4\u00e4d\u00e4nn\u00f6n mukaisesti.<\/p>\n<p>5.2. Rekisterinpit\u00e4j\u00e4ll\u00e4 on oikeus muuttaa n\u00e4it\u00e4 tietosuojaehtoja osittain tai kokonaan ilmoittamalla muutoksista rekister\u00f6idyille verkkosivustolla osoitteessa <a href=\"mailto:info@lavandamania.eu.klient.veebimajutus.ee\" target=\"_new\">info@lavandamania.eu.klient.veebimajutus.ee<\/a>.<\/p>\n\t\t\t\t\t\t\t\t<\/div>\n\t\t\t\t<\/div>\n\t\t\t\t\t<\/div>\n\t\t\t\t<\/div>\n\t\t\t\t<\/div>\n\t\t","protected":false},"excerpt":{"rendered":"<p>Tietosuojak\u00e4yt\u00e4nt\u00f6 Yleiset s\u00e4\u00e4nn\u00f6kset 1.1. T\u00e4ss\u00e4 tietosuojak\u00e4yt\u00e4nn\u00f6ss\u00e4 s\u00e4\u00e4nnell\u00e4\u00e4n henkil\u00f6tietojen ker\u00e4\u00e4misen, k\u00e4sittelyn ja tallentamisen periaatteita. Henkil\u00f6tietoja ker\u00e4\u00e4, k\u00e4sittelee ja tallentaa rekisterinpit\u00e4j\u00e4 (CATz Soft Ltd) (j\u00e4ljemp\u00e4n\u00e4 &#8221;rekisterinpit\u00e4j\u00e4&#8221;). 1.2. T\u00e4ss\u00e4 tietosuojak\u00e4yt\u00e4nn\u00f6ss\u00e4 rekister\u00f6idyll\u00e4 tarkoitetaan asiakasta tai muuta henkil\u00f6\u00e4, jonka henkil\u00f6tietoja rekisterinpit\u00e4j\u00e4 k\u00e4sittelee. 1.3. T\u00e4ss\u00e4 tietosuojak\u00e4yt\u00e4nn\u00f6ss\u00e4 asiakkaalla tarkoitetaan ket\u00e4 tahansa, joka ostaa tavaroita tai palveluita rekisterinpit\u00e4j\u00e4n verkkosivustolta. 1.4. Rekisterinpit\u00e4j\u00e4 noudattaa sovellettavassa [&hellip;]<\/p>\n","protected":false},"author":1,"featured_media":0,"parent":0,"menu_order":0,"comment_status":"closed","ping_status":"closed","template":"","meta":{"footnotes":""},"class_list":["post-2355","page","type-page","status-publish","hentry"],"aioseo_notices":[],"jetpack_sharing_enabled":true,"_links":{"self":[{"href":"https:\/\/lavandamania.eu\/fi\/wp-json\/wp\/v2\/pages\/2355","targetHints":{"allow":["GET"]}}],"collection":[{"href":"https:\/\/lavandamania.eu\/fi\/wp-json\/wp\/v2\/pages"}],"about":[{"href":"https:\/\/lavandamania.eu\/fi\/wp-json\/wp\/v2\/types\/page"}],"author":[{"embeddable":true,"href":"https:\/\/lavandamania.eu\/fi\/wp-json\/wp\/v2\/users\/1"}],"replies":[{"embeddable":true,"href":"https:\/\/lavandamania.eu\/fi\/wp-json\/wp\/v2\/comments?post=2355"}],"version-history":[{"count":1,"href":"https:\/\/lavandamania.eu\/fi\/wp-json\/wp\/v2\/pages\/2355\/revisions"}],"predecessor-version":[{"id":2356,"href":"https:\/\/lavandamania.eu\/fi\/wp-json\/wp\/v2\/pages\/2355\/revisions\/2356"}],"wp:attachment":[{"href":"https:\/\/lavandamania.eu\/fi\/wp-json\/wp\/v2\/media?parent=2355"}],"curies":[{"name":"wp","href":"https:\/\/api.w.org\/{rel}","templated":true}]}}