{"id":2261,"date":"2023-12-23T19:54:26","date_gmt":"2023-12-23T17:54:26","guid":{"rendered":"https:\/\/lavandamania.eu\/product\/orgaaniline-viirukilehtede-seep-100g\/"},"modified":"2023-12-23T19:54:26","modified_gmt":"2023-12-23T17:54:26","slug":"orgaaniline-ohaka-lehe-seep-100g","status":"publish","type":"product","link":"https:\/\/lavandamania.eu\/et\/toode\/orgaaniline-ohaka-lehe-seep-100g\/","title":{"rendered":"Orgaaniline viirukilehtede seep 100g"},"content":{"rendered":"<p class=\"p1\"><strong>\u00d5rn nahale<\/strong><\/p>\n<p class=\"p1\">Meie Douceur Bio Fig Leaf seep on loodud spetsiaalselt selle pehmuse ja nahale l\u00e4heduse t\u00f5ttu. Sobib k\u00f5ikidele nahat\u00fc\u00fcpidele igap\u00e4evaseks puhastamiseks. Lase end selle loodusliku viigil\u00f5hnaga seebi abil pehmusega \u00fcmbritseda!<\/p>\n<p class=\"p1\"><strong>Orgaaniline ja taimne koostis, COSMOS ORGANIC heakskiidetud<\/strong><\/p>\n<p class=\"p1\">Meie eesm\u00e4rk on pakkuda looduslikku, \u00f5rna ja keskkonnas\u00f5bralikku seepi. Seet\u00f5ttu koosneb meie Douceur Bio seep enam kui 99% looduslikest koostisosadest, millest 75% on mahep\u00f5llumajanduslikult kasvatatud. See on sertifitseeritud COSMOS ORGANIC Ecocert Greenlife poolt vastavalt COSMOSi standardile ning on garanteeritult vaba v\u00e4rvainetest, parabeenidest ja EDTAst.<\/p>\n<p class=\"p1\"><strong>Koostisosad<\/strong><\/p>\n<ul>\n<li>Naatrium palmaat*<\/li>\n<li>Naatriumpalmi kernelaat*<\/li>\n<li>Aqua (vesi)<\/li>\n<li>Gl\u00fctseriin*<\/li>\n<li>Parfum** (l\u00f5hnaaine)<\/li>\n<li>Tetranaatriumglutamaatdiatsetaat<\/li>\n<li>Naatriumkloriid<\/li>\n<li>Naatriumh\u00fcdroksiid<\/li>\n<li>Sidrunhape<\/li>\n<li>Linalool<\/li>\n<li>Limoneen<\/li>\n<li>Eugenool<\/li>\n<\/ul>\n<p>&nbsp;<\/p>\n<p>* T\u00f6\u00f6deldud orgaanilistest koostisosadest.<br \/>\n**Loodusliku p\u00e4ritoluga l\u00f5hnaaine<\/p>\n<p>RSPO (Roundtable on Sustainable Oil) sertifitseeritud \u00f5lid, mis p\u00e4rinevad s\u00e4\u00e4stvalt majandatud istandustest, austades keskkonda ja kohalikke kultuure.<\/p>\n","protected":false},"excerpt":{"rendered":"<p>\u00d5rn nahale Meie Douceur Bio Fig Leaf seep on loodud spetsiaalselt selle pehmuse ja nahale l\u00e4heduse t\u00f5ttu. Sobib k\u00f5ikidele nahat\u00fc\u00fcpidele igap\u00e4evaseks puhastamiseks. Lase end selle loodusliku viigil\u00f5hnaga seebi abil pehmusega \u00fcmbritseda! Orgaaniline ja taimne koostis, COSMOS ORGANIC heakskiidetud Meie eesm\u00e4rk on pakkuda looduslikku, \u00f5rna ja keskkonnas\u00f5bralikku seepi. Seet\u00f5ttu koosneb meie Douceur Bio seep enam kui [&hellip;]<\/p>\n","protected":false},"featured_media":1971,"template":"","meta":[],"product_brand":[],"product_cat":[79],"product_tag":[],"class_list":{"0":"post-2261","1":"product","2":"type-product","3":"status-publish","4":"has-post-thumbnail","6":"product_cat-nahahooldus","8":"first","9":"instock","10":"taxable","11":"shipping-taxable","12":"purchasable","13":"product-type-simple"},"aioseo_notices":[],"jetpack_sharing_enabled":true,"_links":{"self":[{"href":"https:\/\/lavandamania.eu\/et\/wp-json\/wp\/v2\/product\/2261","targetHints":{"allow":["GET"]}}],"collection":[{"href":"https:\/\/lavandamania.eu\/et\/wp-json\/wp\/v2\/product"}],"about":[{"href":"https:\/\/lavandamania.eu\/et\/wp-json\/wp\/v2\/types\/product"}],"wp:featuredmedia":[{"embeddable":true,"href":"https:\/\/lavandamania.eu\/et\/wp-json\/wp\/v2\/media\/1971"}],"wp:attachment":[{"href":"https:\/\/lavandamania.eu\/et\/wp-json\/wp\/v2\/media?parent=2261"}],"wp:term":[{"taxonomy":"product_brand","embeddable":true,"href":"https:\/\/lavandamania.eu\/et\/wp-json\/wp\/v2\/product_brand?post=2261"},{"taxonomy":"product_cat","embeddable":true,"href":"https:\/\/lavandamania.eu\/et\/wp-json\/wp\/v2\/product_cat?post=2261"},{"taxonomy":"product_tag","embeddable":true,"href":"https:\/\/lavandamania.eu\/et\/wp-json\/wp\/v2\/product_tag?post=2261"}],"curies":[{"name":"wp","href":"https:\/\/api.w.org\/{rel}","templated":true}]}}