{"id":1756,"date":"2023-12-15T21:53:44","date_gmt":"2023-12-15T19:53:44","guid":{"rendered":"https:\/\/lavandamania.eu\/product\/lavendli-seemned-lavender-vera\/"},"modified":"2023-12-17T21:24:15","modified_gmt":"2023-12-17T19:24:15","slug":"lavendli-seemned-lavanda-vera","status":"publish","type":"product","link":"https:\/\/lavandamania.eu\/et\/toode\/lavendli-seemned-lavanda-vera\/","title":{"rendered":"Lavendli seemned &#8220;Lavanda Vera&#8221; &#8211; Franchi Sementi"},"content":{"rendered":"<p>Avasta mitmek\u00fclgne ilu ja aroom &#8216;<strong>Lavanda Vera<\/strong>&#8216;. Lisaks oma uimastavale v\u00e4limusele on <strong>Lavanda Vera<\/strong> mitmeaastane mitmek\u00fclgne ja l\u00f5hnav taim, sobib l\u00f5ikamiseks ja kasutamiseks popurris.<\/p>\n<p><strong>Lavanda Vera<\/strong> peamised omadused h\u00f5lmavad:<\/p>\n<ul>\n<li>\u00dclim aroom: Tema v\u00f5rratu l\u00f5hn annab pesule meeldiva aroomi.<\/li>\n<li>Mitmek\u00fclgne kuivatatud lavendel: Lisage potpurrisse kuivatatud lavendlioks aroomi ja erksa v\u00e4rvi saamiseks.<\/li>\n<\/ul>\n<p>&nbsp;<\/p>\n<p>Hellitage oma meeli <strong>Lavanda Vera<\/strong>&#8216;ga &#8211; v\u00f5luva taimega, mis rikastab teie aeda ja kodu kujundust oma veetleva aroomi ja mitmek\u00fclgsusega<\/p>\n","protected":false},"excerpt":{"rendered":"<p>Avasta mitmek\u00fclgne ilu ja aroom &#8216;Lavanda Vera&#8216;. Lisaks oma uimastavale v\u00e4limusele on Lavanda Vera mitmeaastane mitmek\u00fclgne ja l\u00f5hnav taim, sobib l\u00f5ikamiseks ja kasutamiseks popurris. Lavanda Vera peamised omadused h\u00f5lmavad: \u00dclim aroom: Tema v\u00f5rratu l\u00f5hn annab pesule meeldiva aroomi. Mitmek\u00fclgne kuivatatud lavendel: Lisage potpurrisse kuivatatud lavendlioks aroomi ja erksa v\u00e4rvi saamiseks. &nbsp; Hellitage oma meeli Lavanda [&hellip;]<\/p>\n","protected":false},"featured_media":1750,"template":"","meta":[],"product_brand":[],"product_cat":[64],"product_tag":[],"class_list":{"0":"post-1756","1":"product","2":"type-product","3":"status-publish","4":"has-post-thumbnail","6":"product_cat-seemned","8":"first","9":"instock","10":"taxable","11":"shipping-taxable","12":"purchasable","13":"product-type-simple"},"aioseo_notices":[],"jetpack_sharing_enabled":true,"_links":{"self":[{"href":"https:\/\/lavandamania.eu\/et\/wp-json\/wp\/v2\/product\/1756","targetHints":{"allow":["GET"]}}],"collection":[{"href":"https:\/\/lavandamania.eu\/et\/wp-json\/wp\/v2\/product"}],"about":[{"href":"https:\/\/lavandamania.eu\/et\/wp-json\/wp\/v2\/types\/product"}],"wp:featuredmedia":[{"embeddable":true,"href":"https:\/\/lavandamania.eu\/et\/wp-json\/wp\/v2\/media\/1750"}],"wp:attachment":[{"href":"https:\/\/lavandamania.eu\/et\/wp-json\/wp\/v2\/media?parent=1756"}],"wp:term":[{"taxonomy":"product_brand","embeddable":true,"href":"https:\/\/lavandamania.eu\/et\/wp-json\/wp\/v2\/product_brand?post=1756"},{"taxonomy":"product_cat","embeddable":true,"href":"https:\/\/lavandamania.eu\/et\/wp-json\/wp\/v2\/product_cat?post=1756"},{"taxonomy":"product_tag","embeddable":true,"href":"https:\/\/lavandamania.eu\/et\/wp-json\/wp\/v2\/product_tag?post=1756"}],"curies":[{"name":"wp","href":"https:\/\/api.w.org\/{rel}","templated":true}]}}