{"id":1590,"date":"2023-10-14T17:27:42","date_gmt":"2023-10-14T14:27:42","guid":{"rendered":"https:\/\/lavandamania.eu\/product\/provencei-kuubikud-3-x-100g\/"},"modified":"2023-10-14T17:27:42","modified_gmt":"2023-10-14T14:27:42","slug":"provence-cubes-3-x-100g","status":"publish","type":"product","link":"https:\/\/lavandamania.eu\/et\/toode\/provence-cubes-3-x-100g\/","title":{"rendered":"Provence&#8217;i kuubikud 3 x 100g"},"content":{"rendered":"<p>Les Cubes de Provence&#8217;i komplekt sisaldab 3 minikubu, mis sisaldavad 100% taimseid \u00f5lisid, Provence&#8217;i l\u00f5hnasid ja on rikastatud eeterlike \u00f5lidega, t\u00f5eliste toimeainete kontsentraatidega.<\/p>\n<ul>\n<li>Oliivikuubik, mis on rikastatud lavendli ja rosmariini eeterlike \u00f5lidega.<\/li>\n<li>Looduslik basiilikakuulikivi, rikastatud sidruni eeterliku \u00f5liga.<\/li>\n<li>Kastanimagusekuubik, rikastatud magusmandli\u00f5liga.<\/li>\n<\/ul>\n<p>Need Provence&#8217;i kuubikud oma ilusas pappkarbis teile kindlasti meeldivad!<\/p>\n<p><strong>Koostisosad<\/strong><\/p>\n<p>Oliiv: Naatriumolivett, naatriumkokokaat, vesi, naatriumkloriid, Lavandula Angustifolia (lavendli) \u00f5li, Rosmarinus Officinalis lehe\u00f5li, naatriumh\u00fcdroksiid, limoneen, linalool.<\/p>\n<p>Mesi: Naatriumpalmilaat, naatriumpalmikeraat, vesi (vesi), parf\u00fc\u00fcm (l\u00f5hna), Prunus Amygdalus Dulcis (magusmandli\u00f5li), palmituumahape, gl\u00fctseriin, naatriumkloriid, CI 77492 (raudoksiidid), tetrasoodium EDTA, tetrasoodiumetidronaat, linalool.<\/p>\n<p>Basil: Naatriumpalminaat, naatriumpalmituuma, Aqua (vesi), Citrus Medica Limonum (sidrun) \u00f5li, palmituumhape, parf\u00fc\u00fcm (l\u00f5hnaaine), Citrus Medica Limonum (sidrun) koorekstrakt, gl\u00fctseriin, naatriumkloriid, tetrasoodium EDTA, tetrasoodiumetidronaat, eugenool, linalool.<\/p>\n","protected":false},"excerpt":{"rendered":"<p>Les Cubes de Provence&#8217;i komplekt sisaldab 3 minikubu, mis sisaldavad 100% taimseid \u00f5lisid, Provence&#8217;i l\u00f5hnasid ja on rikastatud eeterlike \u00f5lidega, t\u00f5eliste toimeainete kontsentraatidega. Oliivikuubik, mis on rikastatud lavendli ja rosmariini eeterlike \u00f5lidega. Looduslik basiilikakuulikivi, rikastatud sidruni eeterliku \u00f5liga. Kastanimagusekuubik, rikastatud magusmandli\u00f5liga. Need Provence&#8217;i kuubikud oma ilusas pappkarbis teile kindlasti meeldivad! Koostisosad Oliiv: Naatriumolivett, naatriumkokokaat, vesi, [&hellip;]<\/p>\n","protected":false},"featured_media":1329,"template":"","meta":[],"product_brand":[],"product_cat":[15],"product_tag":[58],"class_list":{"0":"post-1590","1":"product","2":"type-product","3":"status-publish","4":"has-post-thumbnail","6":"product_cat-uncategorized","7":"product_tag-corvette-et","9":"first","10":"instock","11":"taxable","12":"shipping-taxable","13":"purchasable","14":"product-type-simple"},"aioseo_notices":[],"jetpack_sharing_enabled":true,"_links":{"self":[{"href":"https:\/\/lavandamania.eu\/et\/wp-json\/wp\/v2\/product\/1590","targetHints":{"allow":["GET"]}}],"collection":[{"href":"https:\/\/lavandamania.eu\/et\/wp-json\/wp\/v2\/product"}],"about":[{"href":"https:\/\/lavandamania.eu\/et\/wp-json\/wp\/v2\/types\/product"}],"wp:featuredmedia":[{"embeddable":true,"href":"https:\/\/lavandamania.eu\/et\/wp-json\/wp\/v2\/media\/1329"}],"wp:attachment":[{"href":"https:\/\/lavandamania.eu\/et\/wp-json\/wp\/v2\/media?parent=1590"}],"wp:term":[{"taxonomy":"product_brand","embeddable":true,"href":"https:\/\/lavandamania.eu\/et\/wp-json\/wp\/v2\/product_brand?post=1590"},{"taxonomy":"product_cat","embeddable":true,"href":"https:\/\/lavandamania.eu\/et\/wp-json\/wp\/v2\/product_cat?post=1590"},{"taxonomy":"product_tag","embeddable":true,"href":"https:\/\/lavandamania.eu\/et\/wp-json\/wp\/v2\/product_tag?post=1590"}],"curies":[{"name":"wp","href":"https:\/\/api.w.org\/{rel}","templated":true}]}}