{"id":1586,"date":"2023-10-14T17:57:01","date_gmt":"2023-10-14T14:57:01","guid":{"rendered":"https:\/\/lavandamania.eu\/product\/orgaaniline-lavendlioie-seep-100g-cosmos-organic\/"},"modified":"2023-11-25T11:49:17","modified_gmt":"2023-11-25T09:49:17","slug":"orgaaniline-lavendlililleseep-100g-kosmose-orgaaniline-seep","status":"publish","type":"product","link":"https:\/\/lavandamania.eu\/et\/toode\/orgaaniline-lavendlililleseep-100g-kosmose-orgaaniline-seep\/","title":{"rendered":"Orgaaniline lavendli\u00f5ie seep 100g"},"content":{"rendered":"<p class=\"p1\"><strong>\u00d5rn nahale<\/strong><\/p>\n<p class=\"p1\">Orgaaniline \u00f5iega lavendli \u00f5rn seep on loodud spetsiaalselt selle pehmuse ja nahaga kiindumuse t\u00f5ttu. Sobib k\u00f5ikidele nahat\u00fc\u00fcpidele igap\u00e4evaseks puhastamiseks. Laske end \u00fcmbritseda pehmusega ja transportida Provence&#8217;i selle loodusliku lavendlil\u00f5hnaga seebi abil!<\/p>\n<p class=\"p1\"><strong>Orgaaniline ja taimne koostis, COSMOS ORGANIC heakskiidetud<\/strong><\/p>\n<p class=\"p1\">Meie eesm\u00e4rk on pakkuda looduslikku, \u00f5rna ja keskkonnas\u00f5bralikku seepi. Seet\u00f5ttu koosneb meie Douceur Bio seep enam kui 99% looduslikest koostisosadest, millest 75% on mahep\u00f5llumajanduslikult kasvatatud. See on sertifitseeritud COSMOS ORGANIC Ecocert Greenlife poolt vastavalt COSMOSi standardile ning on garanteeritult vaba v\u00e4rvainetest, parabeenidest ja EDTAst.<\/p>\n<p class=\"p1\"><strong>Koostisosad<\/strong><\/p>\n<ul>\n<li>Naatrium palmaat*<\/li>\n<li>Naatriumpalmi kernelaat*<\/li>\n<li>Aqua (vesi)<\/li>\n<li>Gl\u00fctseriin*<\/li>\n<li>Tetranaatriumglutamaatdiatsetaat<\/li>\n<li>Parfum** (l\u00f5hnaaine)<\/li>\n<li>Naatriumkloriid<\/li>\n<li>Naatriumh\u00fcdroksiid<\/li>\n<li>Sidrunhape<\/li>\n<li>Linalool<\/li>\n<\/ul>\n<p>* T\u00f6\u00f6deldud orgaanilistest koostisosadest.<br \/>\n**Loodusliku p\u00e4ritoluga l\u00f5hnaaine<\/p>\n<p>RSPO (Roundtable on Sustainable Oil) sertifitseeritud \u00f5lid, mis p\u00e4rinevad s\u00e4\u00e4stvalt majandatud istandustest, austades keskkonda ja kohalikke kultuure.<\/p>\n","protected":false},"excerpt":{"rendered":"<p>\u00d5rn nahale Orgaaniline \u00f5iega lavendli \u00f5rn seep on loodud spetsiaalselt selle pehmuse ja nahaga kiindumuse t\u00f5ttu. Sobib k\u00f5ikidele nahat\u00fc\u00fcpidele igap\u00e4evaseks puhastamiseks. Laske end \u00fcmbritseda pehmusega ja transportida Provence&#8217;i selle loodusliku lavendlil\u00f5hnaga seebi abil! Orgaaniline ja taimne koostis, COSMOS ORGANIC heakskiidetud Meie eesm\u00e4rk on pakkuda looduslikku, \u00f5rna ja keskkonnas\u00f5bralikku seepi. Seet\u00f5ttu koosneb meie Douceur Bio seep [&hellip;]<\/p>\n","protected":false},"featured_media":1347,"template":"","meta":[],"product_brand":[],"product_cat":[15,79],"product_tag":[58],"class_list":{"0":"post-1586","1":"product","2":"type-product","3":"status-publish","4":"has-post-thumbnail","6":"product_cat-uncategorized","7":"product_cat-nahahooldus","8":"product_tag-corvette-et","10":"first","11":"instock","12":"taxable","13":"shipping-taxable","14":"purchasable","15":"product-type-simple"},"aioseo_notices":[],"jetpack_sharing_enabled":true,"_links":{"self":[{"href":"https:\/\/lavandamania.eu\/et\/wp-json\/wp\/v2\/product\/1586","targetHints":{"allow":["GET"]}}],"collection":[{"href":"https:\/\/lavandamania.eu\/et\/wp-json\/wp\/v2\/product"}],"about":[{"href":"https:\/\/lavandamania.eu\/et\/wp-json\/wp\/v2\/types\/product"}],"wp:featuredmedia":[{"embeddable":true,"href":"https:\/\/lavandamania.eu\/et\/wp-json\/wp\/v2\/media\/1347"}],"wp:attachment":[{"href":"https:\/\/lavandamania.eu\/et\/wp-json\/wp\/v2\/media?parent=1586"}],"wp:term":[{"taxonomy":"product_brand","embeddable":true,"href":"https:\/\/lavandamania.eu\/et\/wp-json\/wp\/v2\/product_brand?post=1586"},{"taxonomy":"product_cat","embeddable":true,"href":"https:\/\/lavandamania.eu\/et\/wp-json\/wp\/v2\/product_cat?post=1586"},{"taxonomy":"product_tag","embeddable":true,"href":"https:\/\/lavandamania.eu\/et\/wp-json\/wp\/v2\/product_tag?post=1586"}],"curies":[{"name":"wp","href":"https:\/\/api.w.org\/{rel}","templated":true}]}}