{"id":1579,"date":"2023-09-19T15:36:02","date_gmt":"2023-09-19T12:36:02","guid":{"rendered":"https:\/\/lavandamania.eu\/product\/provencei-lavendli-kuubik-100g\/"},"modified":"2023-09-19T15:36:02","modified_gmt":"2023-09-19T12:36:02","slug":"cube-of-provence-lavander-100g","status":"publish","type":"product","link":"https:\/\/lavandamania.eu\/et\/toode\/cube-of-provence-lavander-100g\/","title":{"rendered":"Provence&#8217;i lavendli kuubik 100g"},"content":{"rendered":"<p class=\"p1\">Meie Provence&#8217;i kuubik on valmistatud 100% taimsetest \u00f5lidest ja l\u00f5hnastatud lavendliga. Avastage see Provence&#8217;i ikooniline toode, mis on \u00f5rnalt l\u00f5hnastatud ja kaunilt pakendatud oma pappkarpi.<\/p>\n<p><strong>Koostisosad<\/strong><\/p>\n<ul>\n<li class=\"p1\">Naatrium palmaat<\/li>\n<li class=\"p1\">Naatriumpalmi kernelaat<\/li>\n<li class=\"p1\">Aqua (vesi)<\/li>\n<li class=\"p1\">Ricinus Communis (Castor) seemne\u00f5li<\/li>\n<li class=\"p1\">Lavandula Hybrida \u00f5li<\/li>\n<li class=\"p1\">Lavandula Angustifolia (Lavendli) \u00f5li<\/li>\n<li class=\"p1\">Palmituuma hape, gl\u00fctseriin<\/li>\n<li class=\"p1\">Naatriumkloriid<\/li>\n<li class=\"p1\">Tetrasoodium EDTA<\/li>\n<li class=\"p1\">Tetrasoodiumetidronaat<\/li>\n<li class=\"p1\">CI 73360 (Punane 30 j\u00e4rv)<\/li>\n<li class=\"p1\">CI 77007 (ultramariinid)<\/li>\n<li class=\"p1\">Linalool<\/li>\n<\/ul>\n","protected":false},"excerpt":{"rendered":"<p>Meie Provence&#8217;i kuubik on valmistatud 100% taimsetest \u00f5lidest ja l\u00f5hnastatud lavendliga. Avastage see Provence&#8217;i ikooniline toode, mis on \u00f5rnalt l\u00f5hnastatud ja kaunilt pakendatud oma pappkarpi. Koostisosad Naatrium palmaat Naatriumpalmi kernelaat Aqua (vesi) Ricinus Communis (Castor) seemne\u00f5li Lavandula Hybrida \u00f5li Lavandula Angustifolia (Lavendli) \u00f5li Palmituuma hape, gl\u00fctseriin Naatriumkloriid Tetrasoodium EDTA Tetrasoodiumetidronaat CI 73360 (Punane 30 j\u00e4rv) [&hellip;]<\/p>\n","protected":false},"featured_media":1299,"template":"","meta":[],"product_brand":[],"product_cat":[15,79],"product_tag":[58],"class_list":{"0":"post-1579","1":"product","2":"type-product","3":"status-publish","4":"has-post-thumbnail","6":"product_cat-uncategorized","7":"product_cat-nahahooldus","8":"product_tag-corvette-et","10":"first","11":"instock","12":"taxable","13":"shipping-taxable","14":"purchasable","15":"product-type-simple"},"aioseo_notices":[],"jetpack_sharing_enabled":true,"_links":{"self":[{"href":"https:\/\/lavandamania.eu\/et\/wp-json\/wp\/v2\/product\/1579","targetHints":{"allow":["GET"]}}],"collection":[{"href":"https:\/\/lavandamania.eu\/et\/wp-json\/wp\/v2\/product"}],"about":[{"href":"https:\/\/lavandamania.eu\/et\/wp-json\/wp\/v2\/types\/product"}],"wp:featuredmedia":[{"embeddable":true,"href":"https:\/\/lavandamania.eu\/et\/wp-json\/wp\/v2\/media\/1299"}],"wp:attachment":[{"href":"https:\/\/lavandamania.eu\/et\/wp-json\/wp\/v2\/media?parent=1579"}],"wp:term":[{"taxonomy":"product_brand","embeddable":true,"href":"https:\/\/lavandamania.eu\/et\/wp-json\/wp\/v2\/product_brand?post=1579"},{"taxonomy":"product_cat","embeddable":true,"href":"https:\/\/lavandamania.eu\/et\/wp-json\/wp\/v2\/product_cat?post=1579"},{"taxonomy":"product_tag","embeddable":true,"href":"https:\/\/lavandamania.eu\/et\/wp-json\/wp\/v2\/product_tag?post=1579"}],"curies":[{"name":"wp","href":"https:\/\/api.w.org\/{rel}","templated":true}]}}