{"id":1555,"date":"2023-09-19T15:27:31","date_gmt":"2023-09-19T12:27:31","guid":{"rendered":"https:\/\/lavandamania.eu\/product\/savon-liquide-de-marseille-lavande-500ml\/"},"modified":"2023-09-19T15:27:31","modified_gmt":"2023-09-19T12:27:31","slug":"savon-liquide-de-marseille-lavande-500ml","status":"publish","type":"product","link":"https:\/\/lavandamania.eu\/et\/toode\/savon-liquide-de-marseille-lavande-500ml\/","title":{"rendered":"Savon liquide de Marseille LAVANDE &#8211; 500ml"},"content":{"rendered":"<p>Meie Lavender Marseille vedelseep on valmistatud 100% taimsetest \u00f5lidest ja rikastatud loodusliku gl\u00fctseriiniga, mis on tuntud oma niisutavate omaduste poolest. See peseb nahka \u00f5rnalt, j\u00e4ttes selle terveks ja elastseks ning l\u00f5hnastatud oma lillede ja Provence&#8217;i l\u00f5hnaga. Meie vedel seep on garanteeritult ilma s\u00e4ilitusainete, pindaktiivsete ainete ja parabeenideta.<\/p>\n<p><strong>Koostisosad<\/strong><\/p>\n<ul>\n<li>Aqua (vesi)<\/li>\n<li>Kaaliumkookoaat<\/li>\n<li>Gl\u00fctseriin<\/li>\n<li>Kaaliumolivat<\/li>\n<li>H\u00fcdroks\u00fcet\u00fc\u00fcltselluloos<\/li>\n<li>Parfum (l\u00f5hnaaine)<\/li>\n<li>Tetranaatriumglutamaatdiatsetaat<\/li>\n<li>PEG-40 h\u00fcdrogeenitud kastoor\u00f5li<\/li>\n<li>Cocos nucifera (kookosp\u00e4hkli) \u00f5li<\/li>\n<li>Linalool<\/li>\n<li>Tetrasoodium EDTA<\/li>\n<li>Limoneen<\/li>\n<li>Tocopherol<\/li>\n<li>Kumariin<\/li>\n<li>Olea europaea (oliivi\u00f5li) puuvilja\u00f5li<\/li>\n<li>Dinaatriumfosfaat<\/li>\n<li>Pol\u00fcsorbaat 60<\/li>\n<li>Naatriumfosfaat<\/li>\n<li>CI 17200 (punane 33)<\/li>\n<li>CI 42051 (toiduainesinine 5)<\/li>\n<\/ul>\n","protected":false},"excerpt":{"rendered":"<p>Meie Lavender Marseille vedelseep on valmistatud 100% taimsetest \u00f5lidest ja rikastatud loodusliku gl\u00fctseriiniga, mis on tuntud oma niisutavate omaduste poolest. See peseb nahka \u00f5rnalt, j\u00e4ttes selle terveks ja elastseks ning l\u00f5hnastatud oma lillede ja Provence&#8217;i l\u00f5hnaga. Meie vedel seep on garanteeritult ilma s\u00e4ilitusainete, pindaktiivsete ainete ja parabeenideta. Koostisosad Aqua (vesi) Kaaliumkookoaat Gl\u00fctseriin Kaaliumolivat H\u00fcdroks\u00fcet\u00fc\u00fcltselluloos Parfum [&hellip;]<\/p>\n","protected":false},"featured_media":1213,"template":"","meta":[],"product_brand":[],"product_cat":[15,79],"product_tag":[58],"class_list":{"0":"post-1555","1":"product","2":"type-product","3":"status-publish","4":"has-post-thumbnail","6":"product_cat-uncategorized","7":"product_cat-nahahooldus","8":"product_tag-corvette-et","10":"first","11":"instock","12":"taxable","13":"shipping-taxable","14":"purchasable","15":"product-type-simple"},"aioseo_notices":[],"jetpack_sharing_enabled":true,"_links":{"self":[{"href":"https:\/\/lavandamania.eu\/et\/wp-json\/wp\/v2\/product\/1555","targetHints":{"allow":["GET"]}}],"collection":[{"href":"https:\/\/lavandamania.eu\/et\/wp-json\/wp\/v2\/product"}],"about":[{"href":"https:\/\/lavandamania.eu\/et\/wp-json\/wp\/v2\/types\/product"}],"wp:featuredmedia":[{"embeddable":true,"href":"https:\/\/lavandamania.eu\/et\/wp-json\/wp\/v2\/media\/1213"}],"wp:attachment":[{"href":"https:\/\/lavandamania.eu\/et\/wp-json\/wp\/v2\/media?parent=1555"}],"wp:term":[{"taxonomy":"product_brand","embeddable":true,"href":"https:\/\/lavandamania.eu\/et\/wp-json\/wp\/v2\/product_brand?post=1555"},{"taxonomy":"product_cat","embeddable":true,"href":"https:\/\/lavandamania.eu\/et\/wp-json\/wp\/v2\/product_cat?post=1555"},{"taxonomy":"product_tag","embeddable":true,"href":"https:\/\/lavandamania.eu\/et\/wp-json\/wp\/v2\/product_tag?post=1555"}],"curies":[{"name":"wp","href":"https:\/\/api.w.org\/{rel}","templated":true}]}}