{"id":1394,"date":"2023-10-04T14:34:57","date_gmt":"2023-10-04T11:34:57","guid":{"rendered":"https:\/\/lavandamania.eu\/privaatsuspoliitika\/"},"modified":"2023-11-01T17:17:31","modified_gmt":"2023-11-01T15:17:31","slug":"privaatsuspoliitika","status":"publish","type":"page","link":"https:\/\/lavandamania.eu\/et\/privaatsuspoliitika\/","title":{"rendered":"Privaatsuspoliitika"},"content":{"rendered":"\t\t<div data-elementor-type=\"wp-page\" data-elementor-id=\"1394\" class=\"elementor elementor-1394 elementor-744\" data-elementor-post-type=\"page\">\n\t\t\t\t<div class=\"elementor-element elementor-element-da3d6f4 e-flex e-con-boxed e-con e-parent\" data-id=\"da3d6f4\" data-element_type=\"container\">\n\t\t\t\t\t<div class=\"e-con-inner\">\n\t\t\t\t<div class=\"elementor-element elementor-element-dd8fa7f elementor-widget elementor-widget-text-editor\" data-id=\"dd8fa7f\" data-element_type=\"widget\" data-widget_type=\"text-editor.default\">\n\t\t\t\t<div class=\"elementor-widget-container\">\n\t\t\t\t\t\t\t\t\t<h2>Privaatsuspoliitika<\/h2>\n<ol>\n<li>\n<h6><strong>\u00dclds\u00e4tted<\/strong><\/h6>\n<\/li>\n<\/ol>\n<p>1.1. K\u00e4esolev privaatsuspoliitika reguleerib isikuandmete kogumise, t\u00f6\u00f6tlemise ja s\u00e4ilitamise p\u00f5him\u00f5tteid. Isikuandmeid kogub, t\u00f6\u00f6tleb ja s\u00e4ilitab vastutav t\u00f6\u00f6tleja (CATz Soft Ltd) (edaspidi &#8220;vastutav t\u00f6\u00f6tleja&#8221;).<\/p>\n<p>1.2. K\u00e4esoleva privaatsuspoliitika kontekstis on andmesubjekt klient v\u00f5i mis tahes muu isik, kelle isikuandmeid vastutav t\u00f6\u00f6tleja t\u00f6\u00f6tleb.<\/p>\n<p>1.3. K\u00e4esoleva privaatsuspoliitika kontekstis on klient iga\u00fcks, kes ostab kaupu v\u00f5i teenuseid vastutava t\u00f6\u00f6tleja veebisaidilt.<\/p>\n<p>1.4. Vastutav t\u00f6\u00f6tleja j\u00e4rgib kehtivate seadustega etten\u00e4htud andmet\u00f6\u00f6tluse p\u00f5him\u00f5tteid, sealhulgas isikuandmete seaduslik, \u00f5iglane ja turvaline t\u00f6\u00f6tlemine. Vastutav t\u00f6\u00f6tleja saab kinnitada, et isikuandmeid on t\u00f6\u00f6deldud vastavalt kohaldatavatele \u00f5igusaktidele.<\/p>\n<ol start=\"2\">\n<li>\n<h6><strong>Isikuandmete kogumine, t\u00f6\u00f6tlemine ja s\u00e4ilitamine<\/strong><\/h6>\n<\/li>\n<\/ol>\n<p>2.1. Vastutav t\u00f6\u00f6tleja kogub, t\u00f6\u00f6tleb ja s\u00e4ilitab isikuandmeid peamiselt elektrooniliselt, peamiselt veebisaidi ja e-posti teel.<\/p>\n<p>2.2. Andmesubjekt annab oma isikuandmete jagamisega vastutava t\u00f6\u00f6tleja k\u00e4sutusse \u00f5iguse koguda, korraldada, kasutada ja hallata privaatsuspoliitikas m\u00e4\u00e4ratletud isikuandmeid privaatsuspoliitikas m\u00e4\u00e4ratletud eesm\u00e4rkidel, mida andmesubjekt jagab otse v\u00f5i kaudselt, kui ta ostab veebilehel kaupu v\u00f5i teenuseid.<\/p>\n<p>2.3. Andmesubjekt vastutab selle eest, et tema esitatud andmed oleksid t\u00e4psed, \u00f5iged ja t\u00e4ielikud. Valeandmete tahtlik esitamine loetakse privaatsuspoliitika rikkumiseks. Andmesubjekt on kohustatud viivitamatult teavitama vastutavat t\u00f6\u00f6tlejat k\u00f5igist esitatud andmete muudatustest.<\/p>\n<p>2.4. Vastutav t\u00f6\u00f6tleja ei vastuta kahju eest, mida andmesubjektile v\u00f5i kolmandatele isikutele tekitatakse andmesubjekti poolt valeandmete esitamisega.<\/p>\n<ol start=\"3\">\n<li>\n<h6><strong>Kliendi isikuandmete t\u00f6\u00f6tlemine<\/strong><\/h6>\n<\/li>\n<\/ol>\n<p>3.1. Vastutav t\u00f6\u00f6tleja v\u00f5ib t\u00f6\u00f6delda j\u00e4rgmisi andmesubjekti isikuandmeid:<\/p>\n<p>3.1.1. Ees- ja perekonnanimi;<\/p>\n<p>3.1.2. S\u00fcnniaeg;<\/p>\n<p>3.1.3. Telefoninumber;<\/p>\n<p>3.1.4. E-posti aadress;<\/p>\n<p>3.1.5. Kohaletoimetamise aadress;<\/p>\n<p>3.1.6. Pangakonto number;<\/p>\n<p>3.1.7. Maksekaardi andmed;<\/p>\n<p>3.2. Lisaks eespool nimetatule on vastutaval t\u00f6\u00f6tlejal \u00f5igus koguda kliendi kohta andmeid, mis on k\u00e4ttesaadavad avalikes registrites.<\/p>\n<p>3.3. Isikuandmete t\u00f6\u00f6tlemise \u00f5iguslik alus on isikuandmete kaitse \u00fcldm\u00e4\u00e4ruse artikli 6 l\u00f5ike 1 punktid a, b, c ja f:<\/p>\n<p>a) Andmesubjekt on andnud n\u00f5usoleku oma isikuandmete t\u00f6\u00f6tlemiseks \u00fchel v\u00f5i mitmel konkreetsel eesm\u00e4rgil;<\/p>\n<p>b) T\u00f6\u00f6tlemine on vajalik sellise lepingu t\u00e4itmiseks, mille osapool on andmesubjekt, v\u00f5i lepingu s\u00f5lmimisele eelnevate meetmete v\u00f5tmiseks andmesubjekti taotlusel;<\/p>\n<p>c) T\u00f6\u00f6tlemine on vajalik vastutava t\u00f6\u00f6tleja suhtes kehtiva \u00f5igusliku kohustuse t\u00e4itmiseks;<\/p>\n<p>f) T\u00f6\u00f6tlemine on vajalik vastutava t\u00f6\u00f6tleja v\u00f5i kolmanda isiku \u00f5igustatud huvide t\u00f5ttu, v\u00e4lja arvatud juhul, kui need huvid on \u00fclimuslikud andmesubjekti huvide v\u00f5i p\u00f5hi\u00f5iguste ja -vabaduste suhtes, eriti kui andmesubjekt on laps.<\/p>\n<p>3.4. Isikuandmete t\u00f6\u00f6tlemine l\u00e4htuvalt t\u00f6\u00f6tlemise eesm\u00e4rgist:<\/p>\n<p>3.4.1. T\u00f6\u00f6tlemise eesm\u00e4rk &#8211; turvalisus ja ohutus Isikuandmete maksimaalne s\u00e4ilitamisaeg &#8211; vastavalt seaduses s\u00e4testatud t\u00e4htaegadele.<\/p>\n<p>3.4.2. T\u00f6\u00f6tlemise eesm\u00e4rk &#8211; tellimuste t\u00f6\u00f6tlemine Isikuandmete maksimaalne s\u00e4ilitamisaeg &#8211; 2 aastat.<\/p>\n<p>3.4.3. T\u00f6\u00f6tlemise eesm\u00e4rk &#8211; veebipoe toimimise tagamine Isikuandmete maksimaalne s\u00e4ilitamisaeg &#8211; 2 aastat.<\/p>\n<p>3.4.4. T\u00f6\u00f6tlemise eesm\u00e4rk &#8211; kliendihaldus Isikuandmete maksimaalne s\u00e4ilitamisaeg &#8211; 2 aastat.<\/p>\n<p>3.4.5. T\u00f6\u00f6tlemise eesm\u00e4rk &#8211; finantstegevus, raamatupidamine Isikuandmete maksimaalne s\u00e4ilitamisaeg &#8211; vastavalt seaduses s\u00e4testatud t\u00e4htaegadele.<\/p>\n<p>3.4.6. T\u00f6\u00f6tlemise eesm\u00e4rk &#8211; turundus Isikuandmete maksimaalne s\u00e4ilitamisaeg &#8211; 2 aastat.<\/p>\n<p>3.5. Vastutaval t\u00f6\u00f6tlejal on \u00f5igus jagada kliendi isikuandmeid kolmandate isikutega, n\u00e4iteks volitatud andmet\u00f6\u00f6tlejate, raamatupidajate, transpordi- ja kullerfirmade ning makse\u00fclekandeteenuseid pakkuvate ettev\u00f5tetega. Vastutav t\u00f6\u00f6tleja edastab maksete t\u00f6\u00f6tlemiseks vajalikud isikuandmed volitatud t\u00f6\u00f6tlejale Maksekeskus AS.<\/p>\n<p>3.6. Andmesubjekti isikuandmete t\u00f6\u00f6tlemisel ja s\u00e4ilitamisel rakendab vastutav t\u00f6\u00f6tleja organisatsioonilisi ja tehnilisi meetmeid, et tagada isikuandmete kaitse juhusliku v\u00f5i ebaseadusliku h\u00e4vitamise, muutmise, avalikustamise ja muu ebaseadusliku t\u00f6\u00f6tlemise eest.<\/p>\n<p>3.7. Vastutav t\u00f6\u00f6tleja s\u00e4ilitab andmesubjekti andmeid s\u00f5ltuvalt t\u00f6\u00f6tlemise eesm\u00e4rgist, kuid mitte kauem kui 2 aastat.<\/p>\n<ol start=\"4\">\n<li>\n<h6><strong>Andmesubjekti \u00f5igused<\/strong><\/h6>\n<\/li>\n<\/ol>\n<p>4.1. Andmesubjektil on \u00f5igus tutvuda oma isikuandmetega ja nendega tutvuda.<\/p>\n<p>4.2. Andmesubjektil on \u00f5igus saada teavet oma isikuandmete t\u00f6\u00f6tlemise kohta.<\/p>\n<p>4.3. Andmesubjektil on \u00f5igus muuta v\u00f5i parandada ebat\u00e4pseid andmeid.<\/p>\n<p>4.4. Kui vastutav t\u00f6\u00f6tleja t\u00f6\u00f6tleb andmesubjekti isikuandmeid tema n\u00f5usoleku alusel, on andmesubjektil \u00f5igus oma n\u00f5usolek igal ajal tagasi v\u00f5tta.<\/p>\n<p>4.5. Oma \u00f5iguste kasutamiseks v\u00f5ib andmesubjekt v\u00f5tta \u00fchendust e-poe klienditoega aadressil <a href=\"mailto:info@lavandamania.eu.klient.veebimajutus.ee\" target=\"_new\">info@lavandamania.eu.klient.veebimajutus.ee<\/a>.<\/p>\n<p>4.6. Oma \u00f5iguste kaitsmiseks on andmesubjektil v\u00f5imalus esitada kaebus Andmekaitse Inspektsioonile.<\/p>\n<ol start=\"5\">\n<li>\n<h6><strong>L\u00f5pps\u00e4tted<\/strong><\/h6>\n<\/li>\n<\/ol>\n<p>5.1. K\u00e4esolevad andmekaitsetingimused on koostatud koosk\u00f5las Euroopa Parlamendi ja n\u00f5ukogu m\u00e4\u00e4rusega (EL) 2016\/679 f\u00fc\u00fcsiliste isikute kaitse kohta isikuandmete t\u00f6\u00f6tlemisel ja selliste andmete vaba liikumise kohta, millega tunnistatakse kehtetuks direktiiv 95\/46\/E\u00dc (isikuandmete kaitse \u00fcldm\u00e4\u00e4rus), Eesti Vabariigi isikuandmete kaitse seadusega ning Eesti ja Euroopa Liidu \u00f5igusaktidega.<\/p>\n<p>5.2. Vastutaval t\u00f6\u00f6tlejal on \u00f5igus neid andmekaitse tingimusi osaliselt v\u00f5i t\u00e4ielikult muuta, teatades muudatustest andmesubjektidele veebilehe <a href=\"mailto:info@lavandamania.eu.klient.veebimajutus.ee\" target=\"_new\">info@lavandamania.eu.klient.veebimajutus.ee<\/a> kaudu.<\/p>\n\t\t\t\t\t\t\t\t<\/div>\n\t\t\t\t<\/div>\n\t\t\t\t\t<\/div>\n\t\t\t\t<\/div>\n\t\t\t\t<\/div>\n\t\t","protected":false},"excerpt":{"rendered":"<p>Privaatsuspoliitika \u00dclds\u00e4tted 1.1. K\u00e4esolev privaatsuspoliitika reguleerib isikuandmete kogumise, t\u00f6\u00f6tlemise ja s\u00e4ilitamise p\u00f5him\u00f5tteid. Isikuandmeid kogub, t\u00f6\u00f6tleb ja s\u00e4ilitab vastutav t\u00f6\u00f6tleja (CATz Soft Ltd) (edaspidi &#8220;vastutav t\u00f6\u00f6tleja&#8221;). 1.2. K\u00e4esoleva privaatsuspoliitika kontekstis on andmesubjekt klient v\u00f5i mis tahes muu isik, kelle isikuandmeid vastutav t\u00f6\u00f6tleja t\u00f6\u00f6tleb. 1.3. K\u00e4esoleva privaatsuspoliitika kontekstis on klient iga\u00fcks, kes ostab kaupu v\u00f5i teenuseid vastutava [&hellip;]<\/p>\n","protected":false},"author":1,"featured_media":0,"parent":0,"menu_order":0,"comment_status":"closed","ping_status":"closed","template":"","meta":{"footnotes":""},"class_list":["post-1394","page","type-page","status-publish","hentry"],"aioseo_notices":[],"jetpack_sharing_enabled":true,"_links":{"self":[{"href":"https:\/\/lavandamania.eu\/et\/wp-json\/wp\/v2\/pages\/1394","targetHints":{"allow":["GET"]}}],"collection":[{"href":"https:\/\/lavandamania.eu\/et\/wp-json\/wp\/v2\/pages"}],"about":[{"href":"https:\/\/lavandamania.eu\/et\/wp-json\/wp\/v2\/types\/page"}],"author":[{"embeddable":true,"href":"https:\/\/lavandamania.eu\/et\/wp-json\/wp\/v2\/users\/1"}],"replies":[{"embeddable":true,"href":"https:\/\/lavandamania.eu\/et\/wp-json\/wp\/v2\/comments?post=1394"}],"version-history":[{"count":0,"href":"https:\/\/lavandamania.eu\/et\/wp-json\/wp\/v2\/pages\/1394\/revisions"}],"wp:attachment":[{"href":"https:\/\/lavandamania.eu\/et\/wp-json\/wp\/v2\/media?parent=1394"}],"curies":[{"name":"wp","href":"https:\/\/api.w.org\/{rel}","templated":true}]}}